{"id":1290,"date":"2023-09-25T17:43:58","date_gmt":"2023-09-25T15:43:58","guid":{"rendered":"https:\/\/www.cantaberner.cat\/politica-de-cookies\/"},"modified":"2024-01-26T13:01:03","modified_gmt":"2024-01-26T11:01:03","slug":"politica-de-cookies","status":"publish","type":"page","link":"https:\/\/www.cantaberner.cat\/es\/politica-de-cookies\/","title":{"rendered":"Pol\u00edtica de cookies"},"content":{"rendered":"\t\t<div data-elementor-type=\"wp-page\" data-elementor-id=\"1290\" class=\"elementor elementor-1290 elementor-739\">\n\t\t\t\t\t\t<section class=\"elementor-section elementor-top-section elementor-element elementor-element-0061ccf elementor-section-boxed elementor-section-height-default elementor-section-height-default parallax_section_no qode_elementor_container_no qode-content-aligment-left\" data-id=\"0061ccf\" data-element_type=\"section\">\n\t\t\t\t\t\t<div class=\"elementor-container elementor-column-gap-default\">\n\t\t\t\t\t<div class=\"elementor-column elementor-col-100 elementor-top-column elementor-element elementor-element-8bcfacd\" data-id=\"8bcfacd\" data-element_type=\"column\">\n\t\t\t<div class=\"elementor-widget-wrap elementor-element-populated\">\n\t\t\t\t\t\t<div class=\"elementor-element elementor-element-f978f44 elementor-widget elementor-widget-text-editor\" data-id=\"f978f44\" data-element_type=\"widget\" data-widget_type=\"text-editor.default\">\n\t\t\t\t<div class=\"elementor-widget-container\">\n\t\t\t\t\t\t\t<p>Cantaberner.cat&nbsp; explica en este texto su Pol\u00edtica de recogida y tratamiento de cookies, en cumplimiento de lo que dispone el art\u00edculo 22.2 de la Ley 34\/2002, de 11 de julio, de Servicios de la sociedad de la Informaci\u00f3n y de Comercio Electr\u00f3nico (LSSI -CE).<\/p>\n\t\t\t\t\t\t<\/div>\n\t\t\t\t<\/div>\n\t\t\t\t<div class=\"elementor-element elementor-element-5643134 elementor-widget elementor-widget-text-editor\" data-id=\"5643134\" data-element_type=\"widget\" data-widget_type=\"text-editor.default\">\n\t\t\t\t<div class=\"elementor-widget-container\">\n\t\t\t\t\t\t\t<p>Las cookies se almacenan en el equipo terminal del usuario (ordenador o dispositivo m\u00f3vil) y recopilan informaci\u00f3n al visitar la p\u00e1gina web www.cantaberner.cat, con el fin de mejorar la usabilidad de la misma, conocer sus h\u00e1bitos o necesidades de navegaci\u00f3n de los usuarios para poder adaptarse a los mismos, as\u00ed como obtener informaci\u00f3n con fines estad\u00edsticos. En el caso de aquellos usuarios que ya sean clientes de Cantaberner.cat, la informaci\u00f3n recogida con las cookies servir\u00e1 tambi\u00e9n para su identificaci\u00f3n al acceder a las distintas herramientas que Cantaberner.cat pone a su disposici\u00f3n para la gesti\u00f3n de los servicios .<\/p>\n\t\t\t\t\t\t<\/div>\n\t\t\t\t<\/div>\n\t\t\t\t<div class=\"elementor-element elementor-element-f3ea46a elementor-widget elementor-widget-text-editor\" data-id=\"f3ea46a\" data-element_type=\"widget\" data-widget_type=\"text-editor.default\">\n\t\t\t\t<div class=\"elementor-widget-container\">\n\t\t\t\t\t\t\t<p>La presente Pol\u00edtica de cookies ser\u00e1 de aplicaci\u00f3n a aquellos usuarios que voluntariamente visiten las p\u00e1ginas web de Cantaberner.cat, rellenen formularios de recogida de datos, accedan a las herramientas que Cantaberner.cat pone a disposici\u00f3n de sus clientes para gestionar sus servicios , o utilicen cualquier otro servicio presente en el sitio web que implique la comunicaci\u00f3n de datos a Cantaberner.cat, o el acceso a datos por Cantaberner.cat para la prestaci\u00f3n de sus servicios.<\/p>\n\t\t\t\t\t\t<\/div>\n\t\t\t\t<\/div>\n\t\t\t\t<div class=\"elementor-element elementor-element-e8067da elementor-widget elementor-widget-text-editor\" data-id=\"e8067da\" data-element_type=\"widget\" data-widget_type=\"text-editor.default\">\n\t\t\t\t<div class=\"elementor-widget-container\">\n\t\t\t\t\t\t\t<p>Cantaberner.cat informa a los usuarios de sus p\u00e1ginas web, de la existencia de cookies y pone a su disposici\u00f3n la presente Pol\u00edtica con el fin de informarles sobre el uso y del objeto de las mismas. El hecho de continuar la navegaci\u00f3n a trav\u00e9s de sus p\u00e1ginas supone el conocimiento y aceptaci\u00f3n de la presente Pol\u00edtica por parte de estos usuarios.<\/p>\n\t\t\t\t\t\t<\/div>\n\t\t\t\t<\/div>\n\t\t\t\t<div class=\"elementor-element elementor-element-9e77e7b elementor-widget elementor-widget-text-editor\" data-id=\"9e77e7b\" data-element_type=\"widget\" data-widget_type=\"text-editor.default\">\n\t\t\t\t<div class=\"elementor-widget-container\">\n\t\t\t\t\t\t\t<p>Cantaberner.cat utiliza los siguientes tipos de cookies:<\/p>\n\t\t\t\t\t\t<\/div>\n\t\t\t\t<\/div>\n\t\t\t\t<div class=\"elementor-element elementor-element-f8c3921 elementor-widget elementor-widget-heading\" data-id=\"f8c3921\" data-element_type=\"widget\" data-widget_type=\"heading.default\">\n\t\t\t\t<div class=\"elementor-widget-container\">\n\t\t\t<span class=\"elementor-heading-title elementor-size-default\">CLASIFICADAS SEG\u00daN SU TITULARIDAD:<\/span>\t\t<\/div>\n\t\t\t\t<\/div>\n\t\t\t\t<div class=\"elementor-element elementor-element-b71b8d4 elementor-widget elementor-widget-text-editor\" data-id=\"b71b8d4\" data-element_type=\"widget\" data-widget_type=\"text-editor.default\">\n\t\t\t\t<div class=\"elementor-widget-container\">\n\t\t\t\t\t\t\t<p>Cookies propias: enviadas y gestionadas directamente por Cantaberner.cat.<\/p>\n\t\t\t\t\t\t<\/div>\n\t\t\t\t<\/div>\n\t\t\t\t<div class=\"elementor-element elementor-element-6963e83 elementor-widget elementor-widget-text-editor\" data-id=\"6963e83\" data-element_type=\"widget\" data-widget_type=\"text-editor.default\">\n\t\t\t\t<div class=\"elementor-widget-container\">\n\t\t\t\t\t\t\t<p>Cookies de terceros: enviadas y gestionadas por un tercero ajeno a Cantaberner.cat, de forma an\u00f3nima, con el fin de realizar estudios estad\u00edsticos de navegaci\u00f3n por las p\u00e1ginas web de Cantaberner.cat.<\/p>\n\t\t\t\t\t\t<\/div>\n\t\t\t\t<\/div>\n\t\t\t\t<div class=\"elementor-element elementor-element-f5c4abe elementor-widget elementor-widget-heading\" data-id=\"f5c4abe\" data-element_type=\"widget\" data-widget_type=\"heading.default\">\n\t\t\t\t<div class=\"elementor-widget-container\">\n\t\t\t<span class=\"elementor-heading-title elementor-size-default\">CLASIFICADAS SEG\u00daN SU FINALIDAD:<\/span>\t\t<\/div>\n\t\t\t\t<\/div>\n\t\t\t\t<div class=\"elementor-element elementor-element-b404245 elementor-widget elementor-widget-text-editor\" data-id=\"b404245\" data-element_type=\"widget\" data-widget_type=\"text-editor.default\">\n\t\t\t\t<div class=\"elementor-widget-container\">\n\t\t\t\t\t\t\t<p>Cookies t\u00e9cnicas y\/o de personalizaci\u00f3n: facilitan la navegaci\u00f3n al identificar la sesi\u00f3n, permitir el acceso a herramientas de acceso restringido, adem\u00e1s de configurar a medida las opciones disponibles. Posibilitan la prestaci\u00f3n del servicio previamente solicitado por el usuario.<\/p>\n\t\t\t\t\t\t<\/div>\n\t\t\t\t<\/div>\n\t\t\t\t<div class=\"elementor-element elementor-element-a1f8f13 elementor-widget elementor-widget-text-editor\" data-id=\"a1f8f13\" data-element_type=\"widget\" data-widget_type=\"text-editor.default\">\n\t\t\t\t<div class=\"elementor-widget-container\">\n\t\t\t\t\t\t\t<p>Cookies de an\u00e1lisis y\/o publicidad: permiten conocer el n\u00famero de visitas recibidas en las diferentes secciones de las p\u00e1ginas web, los h\u00e1bitos y tendencias de sus usuarios y en consecuencia, poder mejorar la navegaci\u00f3n y el servicio ofrecido por Cantaberner.cat (fundamentalmente , Google Analytics), as\u00ed como gestionar los espacios publicitarios incluidos en la p\u00e1gina web visitada por el usuario. Recoge datos de forma an\u00f3nima con el fin de obtener perfiles de navegaci\u00f3n de los usuarios.<\/p>\n\t\t\t\t\t\t<\/div>\n\t\t\t\t<\/div>\n\t\t\t\t<div class=\"elementor-element elementor-element-a7acd49 elementor-widget elementor-widget-heading\" data-id=\"a7acd49\" data-element_type=\"widget\" data-widget_type=\"heading.default\">\n\t\t\t\t<div class=\"elementor-widget-container\">\n\t\t\t<span class=\"elementor-heading-title elementor-size-default\">CLASIFICADAS SEG\u00daN SU DURACI\u00d3N:<\/span>\t\t<\/div>\n\t\t\t\t<\/div>\n\t\t\t\t<div class=\"elementor-element elementor-element-dcbf0ea elementor-widget elementor-widget-text-editor\" data-id=\"dcbf0ea\" data-element_type=\"widget\" data-widget_type=\"text-editor.default\">\n\t\t\t\t<div class=\"elementor-widget-container\">\n\t\t\t\t\t\t\t<p>Cookies de sesi\u00f3n: recogen y almacenan los datos mientras el usuario accede a la p\u00e1gina web.<\/p>\n\t\t\t\t\t\t<\/div>\n\t\t\t\t<\/div>\n\t\t\t\t<div class=\"elementor-element elementor-element-27350a2 elementor-widget elementor-widget-text-editor\" data-id=\"27350a2\" data-element_type=\"widget\" data-widget_type=\"text-editor.default\">\n\t\t\t\t<div class=\"elementor-widget-container\">\n\t\t\t\t\t\t\t<p>Cookies persistentes: recaban y almacenan los datos en el terminal del usuario durante un per\u00edodo de tiempo variable en funci\u00f3n de cual sea la finalidad para la que han sido utilizadas.<\/p>\n\t\t\t\t\t\t<\/div>\n\t\t\t\t<\/div>\n\t\t\t\t<div class=\"elementor-element elementor-element-3162a0a elementor-widget elementor-widget-text-editor\" data-id=\"3162a0a\" data-element_type=\"widget\" data-widget_type=\"text-editor.default\">\n\t\t\t\t<div class=\"elementor-widget-container\">\n\t\t\t\t\t\t\t<p>El tiempo de conservaci\u00f3n de las cookies depender\u00e1 del tipo de que se trate y ser\u00e1 siempre el m\u00ednimo indispensable para cumplir su finalidad.<\/p>\n\t\t\t\t\t\t<\/div>\n\t\t\t\t<\/div>\n\t\t\t\t<div class=\"elementor-element elementor-element-9cf4969 elementor-widget elementor-widget-text-editor\" data-id=\"9cf4969\" data-element_type=\"widget\" data-widget_type=\"text-editor.default\">\n\t\t\t\t<div class=\"elementor-widget-container\">\n\t\t\t\t\t\t\t<p>En cualquier caso, los usuarios pueden configurar su navegador, de forma que se desactive o bloquee la recepci\u00f3n de todas o algunas de las cookies. El no desear recibir estas cookies, no constituye un impedimento para poder acceder a la informaci\u00f3n de los sitios web de Cantaberner.cat aunque el uso de algunos servicios podr\u00e1 ser limitado. Si una vez otorgado el consentimiento para la recepci\u00f3n de cookies se desea retirarlo, se eliminar\u00e1n aquellas cookies almacenadas en el equipo del usuario, a trav\u00e9s de las opciones de los diferentes navegadores.<\/p>\n\t\t\t\t\t\t<\/div>\n\t\t\t\t<\/div>\n\t\t\t\t<div class=\"elementor-element elementor-element-ffc6e85 elementor-widget elementor-widget-text-editor\" data-id=\"ffc6e85\" data-element_type=\"widget\" data-widget_type=\"text-editor.default\">\n\t\t\t\t<div class=\"elementor-widget-container\">\n\t\t\t\t\t\t\t<p>La forma de configurar los distintos navegadores para ejercitar las acciones se\u00f1aladas en los p\u00e1rrafos anteriores, se puede consultar en:<\/p>\n\t\t\t\t\t\t<\/div>\n\t\t\t\t<\/div>\n\t\t\t\t<div class=\"elementor-element elementor-element-4626318 elementor-widget elementor-widget-text-editor\" data-id=\"4626318\" data-element_type=\"widget\" data-widget_type=\"text-editor.default\">\n\t\t\t\t<div class=\"elementor-widget-container\">\n\t\t\t\t\t\t\t<p>Explorer: https:\/\/support.microsoft.com\/es-es\/help\/17479\/windows-internet-explorer-11-change-security-privacy-settings<br \/>Chrome: https:\/\/support.google.com\/chrome\/answer\/95647?hl=es<br \/>Firefox: http:\/\/support.mozilla.org\/es\/kb\/cookies-informacion-que-los-sitios-web-guardan-en-?redirectlocale=en-US&amp;redirectslug=Cookies<br \/>Safari: https:\/\/support.apple.com\/kb\/ph21411?locale=es_ES<\/p>\n\t\t\t\t\t\t<\/div>\n\t\t\t\t<\/div>\n\t\t\t\t<div class=\"elementor-element elementor-element-b95f24e elementor-widget elementor-widget-heading\" data-id=\"b95f24e\" data-element_type=\"widget\" data-widget_type=\"heading.default\">\n\t\t\t\t<div class=\"elementor-widget-container\">\n\t\t\t<span class=\"elementor-heading-title elementor-size-default\">GOOGLE ANALYTICS<\/span>\t\t<\/div>\n\t\t\t\t<\/div>\n\t\t\t\t<div class=\"elementor-element elementor-element-4d6daaf elementor-widget elementor-widget-text-editor\" data-id=\"4d6daaf\" data-element_type=\"widget\" data-widget_type=\"text-editor.default\">\n\t\t\t\t<div class=\"elementor-widget-container\">\n\t\t\t\t\t\t\t<p>Esta p\u00e1gina web utiliza Google Analytics, un servicio anal\u00edtico web proporcionado por Google, Inc. (Google, ahora en adelante). Google Analytics utiliza las llamadas \u00abcookies\u00bb, archivos de texto que se instalan en el ordenador y que hacen posible el an\u00e1lisis del comportamiento de los usuarios en Internet. La informaci\u00f3n que genera la cookie sobre el uso que realiza el usuario de la p\u00e1gina web se transmite y almacena generalmente en los servidores de Google de Estados Unidos. En caso de activar la opci\u00f3n de IP an\u00f3nima en la p\u00e1gina web, la direcci\u00f3n IP no aparecer\u00e1 completa dentro de los pa\u00edses de la Uni\u00f3n Europea o en los dem\u00e1s pa\u00edses que as\u00ed lo hayan acordado dentro del espacio econ\u00f3mico de la Uni\u00f3n Europea.<\/p>\n\t\t\t\t\t\t<\/div>\n\t\t\t\t<\/div>\n\t\t\t\t<div class=\"elementor-element elementor-element-aba20e2 elementor-widget elementor-widget-text-editor\" data-id=\"aba20e2\" data-element_type=\"widget\" data-widget_type=\"text-editor.default\">\n\t\t\t\t<div class=\"elementor-widget-container\">\n\t\t\t\t\t\t\t<p>S\u00f3lo excepcionalmente se transmitir\u00e1 la direcci\u00f3n IP completa a un servidor de Google en Estados Unidos y una vez all\u00ed se acortar\u00e1. \u00danicamente con autorizaci\u00f3n del usuario de la p\u00e1gina, Google utilizar\u00e1 esta informaci\u00f3n para valorar el comportamiento del usuario en la p\u00e1gina web, generar informes sobre las actividades de la p\u00e1gina y ofrecer al propietario de la p\u00e1gina servicios relacionados con el uso web y de Internet. La direcci\u00f3n IP transmitida por su navegador en el marco de Google Analytics no se asociar\u00e1 a otros datos de Google. El usuario puede evitar el almacenamiento de cookies configurando el navegador correspondientemente de forma que no se almacenen las cookies. Esta configuraci\u00f3n puede afectar a la plena funcionalidad de la p\u00e1gina web. Con el uso de esta web, el usuario est\u00e1 de acuerdo con el procesamiento de datos por Google de la forma anteriormente mencionada. El usuario tambi\u00e9n puede evitar el registro de los datos generados por las cookies y de los relacionados con el uso de la p\u00e1gina web (incluida la direcci\u00f3n IP), as\u00ed como el procesamiento de los mismos descargando e instalando el siguiente plugin para el navegador disponible a trav\u00e9s de este link: http:\/\/tools.google.com\/dlpage\/gaoptout<\/p>\n\t\t\t\t\t\t<\/div>\n\t\t\t\t<\/div>\n\t\t\t\t<div class=\"elementor-element elementor-element-e1194f4 elementor-widget elementor-widget-text-editor\" data-id=\"e1194f4\" data-element_type=\"widget\" data-widget_type=\"text-editor.default\">\n\t\t\t\t<div class=\"elementor-widget-container\">\n\t\t\t\t\t\t\t<p>Obtenga m\u00e1s informaci\u00f3n sobre los t\u00e9rminos y condiciones de uso y pol\u00edtica de privacidad en las condiciones de uso de Google Analytics o en las condiciones generales de Google Analytics. Ten en cuenta que en esta p\u00e1gina el c\u00f3digo de Google analytics incluye la etiqueta \u00abgat._anonymizeIp();\u00bb, que asegura la recolecci\u00f3n de direcciones IP de forma an\u00f3nima (m\u00e1scara de IP).<\/p>\n\t\t\t\t\t\t<\/div>\n\t\t\t\t<\/div>\n\t\t\t\t\t<\/div>\n\t\t<\/div>\n\t\t\t\t\t<\/div>\n\t\t<\/section>\n\t\t\t\t<\/div>\n\t\t","protected":false},"excerpt":{"rendered":"<p>Cantaberner.cat&nbsp; explica en este texto su Pol\u00edtica de recogida y tratamiento de cookies, en cumplimiento de lo que dispone el art\u00edculo 22.2 de la Ley 34\/2002, de 11 de julio, de Servicios de la sociedad de la Informaci\u00f3n y de Comercio Electr\u00f3nico (LSSI -CE). Las&#8230;<\/p>\n","protected":false},"author":1,"featured_media":0,"parent":0,"menu_order":0,"comment_status":"closed","ping_status":"closed","template":"","meta":{"footnotes":""},"class_list":["post-1290","page","type-page","status-publish","hentry"],"yoast_head":"<!-- This site is optimized with the Yoast SEO plugin v24.6 - https:\/\/yoast.com\/wordpress\/plugins\/seo\/ -->\n<title>Pol\u00edtica de cookies - Estable Can Taberner<\/title>\n<meta name=\"robots\" content=\"noindex, nofollow\" \/>\n<meta property=\"og:locale\" content=\"es_ES\" \/>\n<meta property=\"og:type\" content=\"article\" \/>\n<meta property=\"og:title\" content=\"Pol\u00edtica de cookies - Estable Can Taberner\" \/>\n<meta property=\"og:description\" content=\"Cantaberner.cat&nbsp; explica en este texto su Pol\u00edtica de recogida y tratamiento de cookies, en cumplimiento de lo que dispone el art\u00edculo 22.2 de la Ley 34\/2002, de 11 de julio, de Servicios de la sociedad de la Informaci\u00f3n y de Comercio Electr\u00f3nico (LSSI -CE). Las...\" \/>\n<meta property=\"og:url\" content=\"https:\/\/www.cantaberner.cat\/es\/politica-de-cookies\/\" \/>\n<meta property=\"og:site_name\" content=\"Estable Can Taberner\" \/>\n<meta property=\"article:modified_time\" content=\"2024-01-26T11:01:03+00:00\" \/>\n<meta name=\"twitter:card\" content=\"summary_large_image\" \/>\n<meta name=\"twitter:label1\" content=\"Tiempo de lectura\" \/>\n\t<meta name=\"twitter:data1\" content=\"6 minutos\" \/>\n<!-- \/ Yoast SEO plugin. -->","yoast_head_json":{"title":"Pol\u00edtica de cookies - Estable Can Taberner","robots":{"index":"noindex","follow":"nofollow"},"og_locale":"es_ES","og_type":"article","og_title":"Pol\u00edtica de cookies - Estable Can Taberner","og_description":"Cantaberner.cat&nbsp; explica en este texto su Pol\u00edtica de recogida y tratamiento de cookies, en cumplimiento de lo que dispone el art\u00edculo 22.2 de la Ley 34\/2002, de 11 de julio, de Servicios de la sociedad de la Informaci\u00f3n y de Comercio Electr\u00f3nico (LSSI -CE). Las...","og_url":"https:\/\/www.cantaberner.cat\/es\/politica-de-cookies\/","og_site_name":"Estable Can Taberner","article_modified_time":"2024-01-26T11:01:03+00:00","twitter_card":"summary_large_image","twitter_misc":{"Tiempo de lectura":"6 minutos"},"schema":{"@context":"https:\/\/schema.org","@graph":[{"@type":"WebPage","@id":"https:\/\/www.cantaberner.cat\/es\/politica-de-cookies\/","url":"https:\/\/www.cantaberner.cat\/es\/politica-de-cookies\/","name":"Pol\u00edtica de cookies - Estable Can Taberner","isPartOf":{"@id":"https:\/\/www.cantaberner.cat\/es\/#website"},"datePublished":"2023-09-25T15:43:58+00:00","dateModified":"2024-01-26T11:01:03+00:00","breadcrumb":{"@id":"https:\/\/www.cantaberner.cat\/es\/politica-de-cookies\/#breadcrumb"},"inLanguage":"es","potentialAction":[{"@type":"ReadAction","target":["https:\/\/www.cantaberner.cat\/es\/politica-de-cookies\/"]}]},{"@type":"BreadcrumbList","@id":"https:\/\/www.cantaberner.cat\/es\/politica-de-cookies\/#breadcrumb","itemListElement":[{"@type":"ListItem","position":1,"name":"Portada","item":"https:\/\/www.cantaberner.cat\/es\/hombre\/"},{"@type":"ListItem","position":2,"name":"Pol\u00edtica de cookies"}]},{"@type":"WebSite","@id":"https:\/\/www.cantaberner.cat\/es\/#website","url":"https:\/\/www.cantaberner.cat\/es\/","name":"Estable Can Taberner","description":"","publisher":{"@id":"https:\/\/www.cantaberner.cat\/es\/#organization"},"potentialAction":[{"@type":"SearchAction","target":{"@type":"EntryPoint","urlTemplate":"https:\/\/www.cantaberner.cat\/es\/?s={search_term_string}"},"query-input":{"@type":"PropertyValueSpecification","valueRequired":true,"valueName":"search_term_string"}}],"inLanguage":"es"},{"@type":"Organization","@id":"https:\/\/www.cantaberner.cat\/es\/#organization","name":"Estable Can Taberner","url":"https:\/\/www.cantaberner.cat\/es\/","logo":{"@type":"ImageObject","inLanguage":"es","@id":"https:\/\/www.cantaberner.cat\/es\/#\/schema\/logo\/image\/","url":"https:\/\/www.cantaberner.cat\/wp-content\/uploads\/2023\/09\/lestable-logo-p-e1695063348815.png","contentUrl":"https:\/\/www.cantaberner.cat\/wp-content\/uploads\/2023\/09\/lestable-logo-p-e1695063348815.png","width":254,"height":100,"caption":"Estable Can Taberner"},"image":{"@id":"https:\/\/www.cantaberner.cat\/es\/#\/schema\/logo\/image\/"}}]}},"_links":{"self":[{"href":"https:\/\/www.cantaberner.cat\/es\/wp-json\/wp\/v2\/pages\/1290","targetHints":{"allow":["GET"]}}],"collection":[{"href":"https:\/\/www.cantaberner.cat\/es\/wp-json\/wp\/v2\/pages"}],"about":[{"href":"https:\/\/www.cantaberner.cat\/es\/wp-json\/wp\/v2\/types\/page"}],"author":[{"embeddable":true,"href":"https:\/\/www.cantaberner.cat\/es\/wp-json\/wp\/v2\/users\/1"}],"replies":[{"embeddable":true,"href":"https:\/\/www.cantaberner.cat\/es\/wp-json\/wp\/v2\/comments?post=1290"}],"version-history":[{"count":4,"href":"https:\/\/www.cantaberner.cat\/es\/wp-json\/wp\/v2\/pages\/1290\/revisions"}],"predecessor-version":[{"id":1344,"href":"https:\/\/www.cantaberner.cat\/es\/wp-json\/wp\/v2\/pages\/1290\/revisions\/1344"}],"wp:attachment":[{"href":"https:\/\/www.cantaberner.cat\/es\/wp-json\/wp\/v2\/media?parent=1290"}],"curies":[{"name":"wp","href":"https:\/\/api.w.org\/{rel}","templated":true}]}}