{"id":1273,"date":"2023-09-25T17:44:11","date_gmt":"2023-09-25T15:44:11","guid":{"rendered":"https:\/\/www.cantaberner.cat\/aviso-legal\/"},"modified":"2024-01-26T12:40:00","modified_gmt":"2024-01-26T10:40:00","slug":"aviso-legal","status":"publish","type":"page","link":"https:\/\/www.cantaberner.cat\/es\/aviso-legal\/","title":{"rendered":"Aviso legal"},"content":{"rendered":"\t\t<div data-elementor-type=\"wp-page\" data-elementor-id=\"1273\" class=\"elementor elementor-1273 elementor-741\">\n\t\t\t\t\t\t<section class=\"elementor-section elementor-top-section elementor-element elementor-element-86b2a0d elementor-section-boxed elementor-section-height-default elementor-section-height-default parallax_section_no qode_elementor_container_no qode-content-aligment-left\" data-id=\"86b2a0d\" data-element_type=\"section\">\n\t\t\t\t\t\t<div class=\"elementor-container elementor-column-gap-default\">\n\t\t\t\t\t<div class=\"elementor-column elementor-col-100 elementor-top-column elementor-element elementor-element-d1930b2\" data-id=\"d1930b2\" data-element_type=\"column\">\n\t\t\t<div class=\"elementor-widget-wrap elementor-element-populated\">\n\t\t\t\t\t\t<div class=\"elementor-element elementor-element-aef00a3 elementor-widget elementor-widget-text-editor\" data-id=\"aef00a3\" data-element_type=\"widget\" data-widget_type=\"text-editor.default\">\n\t\t\t\t<div class=\"elementor-widget-container\">\n\t\t\t\t\t\t\t<p><span class=\" author-d-1gg9uz65z1iz85zgdz68zmqkz84zo2qoxw4ntjz86zq1dau9z85z2z77zlid1u0z85zz67zz87zz66zz65zjz76z8z84zz80z\">En cumplimiento del art\u00edculo 10 de la Ley 34\/2002, de 11 de julio, de Servicios de la Sociedad de la Informaci\u00f3n y Comercio Electr\u00f3nico<\/span> <span class=\" author-d-1gg9uz65z1iz85zgdz68zmqkz84zo2qoxw4ntjz86zq1dau9z85z2z77zlid1u0z85zz67zz87zz66zz65zjz76z8z84zz80z h-lparen\">(LSSI-CE)<\/span> <span class=\" author-d-1gg9uz65z1iz85zgdz68zmqkz84zo2qoxw4ntjz86zq1dau9z85z2z77zlid1u0z85zz67zz87zz66zz65zjz76z8z84zz80z\">a continuaci\u00f3n se detallan los datos identificativos de la empresa:<\/span><\/p>\n\t\t\t\t\t\t<\/div>\n\t\t\t\t<\/div>\n\t\t\t\t<div class=\"elementor-element elementor-element-6df597e elementor-widget elementor-widget-text-editor\" data-id=\"6df597e\" data-element_type=\"widget\" data-widget_type=\"text-editor.default\">\n\t\t\t\t<div class=\"elementor-widget-container\">\n\t\t\t\t\t\t\t<p>NOMBRE EMPRESA<br \/>Raz\u00f3n social: XXXXXXXXXX<br \/>CIF: XXXXXXXXXX<br \/>Direcci\u00f3n: XXXXXXXXXX<br \/>Tel\u00e9fono: XXXXXXXXXX<br \/>Email: XXXXXXXXXX<\/p>\n\t\t\t\t\t\t<\/div>\n\t\t\t\t<\/div>\n\t\t\t\t<div class=\"elementor-element elementor-element-da2514c elementor-widget elementor-widget-heading\" data-id=\"da2514c\" data-element_type=\"widget\" data-widget_type=\"heading.default\">\n\t\t\t\t<div class=\"elementor-widget-container\">\n\t\t\t<span class=\"elementor-heading-title elementor-size-default\">FINALIDAD DE LA P\u00c1GINA WEB\n<\/span>\t\t<\/div>\n\t\t\t\t<\/div>\n\t\t\t\t<div class=\"elementor-element elementor-element-63b6523 elementor-widget elementor-widget-text-editor\" data-id=\"63b6523\" data-element_type=\"widget\" data-widget_type=\"text-editor.default\">\n\t\t\t\t<div class=\"elementor-widget-container\">\n\t\t\t\t\t\t\t<p>La finalidad de esta web es atender a sus consultas y peticiones.<\/p>\n\t\t\t\t\t\t<\/div>\n\t\t\t\t<\/div>\n\t\t\t\t<div class=\"elementor-element elementor-element-8ff55b2 elementor-widget elementor-widget-text-editor\" data-id=\"8ff55b2\" data-element_type=\"widget\" data-widget_type=\"text-editor.default\">\n\t\t\t\t<div class=\"elementor-widget-container\">\n\t\t\t\t\t\t\t<p>El presente aviso legal (en adelante, \u00abAviso Legal\u00bb) regula el uso del sitio web: www.xxxxxxxx.com<\/p>\n\t\t\t\t\t\t<\/div>\n\t\t\t\t<\/div>\n\t\t\t\t<div class=\"elementor-element elementor-element-f667323 elementor-widget elementor-widget-heading\" data-id=\"f667323\" data-element_type=\"widget\" data-widget_type=\"heading.default\">\n\t\t\t\t<div class=\"elementor-widget-container\">\n\t\t\t<span class=\"elementor-heading-title elementor-size-default\">LEGISLACI\u00d3N<\/span>\t\t<\/div>\n\t\t\t\t<\/div>\n\t\t\t\t<div class=\"elementor-element elementor-element-4c6cdf2 elementor-widget elementor-widget-text-editor\" data-id=\"4c6cdf2\" data-element_type=\"widget\" data-widget_type=\"text-editor.default\">\n\t\t\t\t<div class=\"elementor-widget-container\">\n\t\t\t\t\t\t\t<p>Con car\u00e1cter general, las relaciones entre XXXXXXXXXX con los usuarios de sus servicios telem\u00e1ticos, presentes en este sitio web, se encuentran sometidas a la legislaci\u00f3n y jurisdicci\u00f3n espa\u00f1olas.<\/p>\n\t\t\t\t\t\t<\/div>\n\t\t\t\t<\/div>\n\t\t\t\t<div class=\"elementor-element elementor-element-95fc7a5 elementor-widget elementor-widget-heading\" data-id=\"95fc7a5\" data-element_type=\"widget\" data-widget_type=\"heading.default\">\n\t\t\t\t<div class=\"elementor-widget-container\">\n\t\t\t<span class=\"elementor-heading-title elementor-size-default\">USO Y ACCESO DE USUARIOS<\/span>\t\t<\/div>\n\t\t\t\t<\/div>\n\t\t\t\t<div class=\"elementor-element elementor-element-924b2b7 elementor-widget elementor-widget-text-editor\" data-id=\"924b2b7\" data-element_type=\"widget\" data-widget_type=\"text-editor.default\">\n\t\t\t\t<div class=\"elementor-widget-container\">\n\t\t\t\t\t\t\t<p>El Usuario queda informado, y acepta, que el acceso a la presente web no supone, en modo alguno, el inicio de una relaci\u00f3n comercial con XXXXXXXXXX o cualquiera de sus delegaciones.<\/p>\n\t\t\t\t\t\t<\/div>\n\t\t\t\t<\/div>\n\t\t\t\t<div class=\"elementor-element elementor-element-81c1ede elementor-widget elementor-widget-heading\" data-id=\"81c1ede\" data-element_type=\"widget\" data-widget_type=\"heading.default\">\n\t\t\t\t<div class=\"elementor-widget-container\">\n\t\t\t<span class=\"elementor-heading-title elementor-size-default\">PROPIEDAD INTELECTUAL E INDUSTRIAL<\/span>\t\t<\/div>\n\t\t\t\t<\/div>\n\t\t\t\t<div class=\"elementor-element elementor-element-2b2f286 elementor-widget elementor-widget-text-editor\" data-id=\"2b2f286\" data-element_type=\"widget\" data-widget_type=\"text-editor.default\">\n\t\t\t\t<div class=\"elementor-widget-container\">\n\t\t\t\t\t\t\t<p>Los derechos de propiedad intelectual del contenido de las p\u00e1ginas web, su dise\u00f1o gr\u00e1fico y c\u00f3digos son titularidad de XXXXXXXXXX y, por tanto, queda prohibida su reproducci\u00f3n, distribuci\u00f3n, comunicaci\u00f3n p\u00fablica, transformaci\u00f3n o cualquier otra actividad que se pueda realizar con los contenidos de sus p\u00e1ginas web ni incluso citando las fuentes, salvo consentimiento por escrito de XXXXXXXXXX.<\/p>\n\t\t\t\t\t\t<\/div>\n\t\t\t\t<\/div>\n\t\t\t\t<div class=\"elementor-element elementor-element-f3f1f3e elementor-widget elementor-widget-heading\" data-id=\"f3f1f3e\" data-element_type=\"widget\" data-widget_type=\"heading.default\">\n\t\t\t\t<div class=\"elementor-widget-container\">\n\t\t\t<span class=\"elementor-heading-title elementor-size-default\">CONTENIDO DE LA WEB Y ENLACES (LINKS)<\/span>\t\t<\/div>\n\t\t\t\t<\/div>\n\t\t\t\t<div class=\"elementor-element elementor-element-5d6fbd6 elementor-widget elementor-widget-text-editor\" data-id=\"5d6fbd6\" data-element_type=\"widget\" data-widget_type=\"text-editor.default\">\n\t\t\t\t<div class=\"elementor-widget-container\">\n\t\t\t\t\t\t\t<p>XXXXXXXXXX se reserva el derecho a actualizar, modificar o eliminar la informaci\u00f3n contenida en sus p\u00e1ginas web pudiendo incluso limitar o no permitir el acceso a esa informaci\u00f3n a ciertos usuarios. Documentaci\u00f3n LSSI-CE XXXXXXXXXX.<\/p>\n\t\t\t\t\t\t<\/div>\n\t\t\t\t<\/div>\n\t\t\t\t<div class=\"elementor-element elementor-element-6bd46f0 elementor-widget elementor-widget-text-editor\" data-id=\"6bd46f0\" data-element_type=\"widget\" data-widget_type=\"text-editor.default\">\n\t\t\t\t<div class=\"elementor-widget-container\">\n\t\t\t\t\t\t\t<p>XXXXXXXXXX no asume responsabilidad alguna por la informaci\u00f3n contenida en p\u00e1ginas web de terceros a las que se pueda acceder por \u00ablinks\u00bb o enlaces desde cualquier p\u00e1gina web propiedad de XXXXXXXXXX. La presencia de \u00ablinks\u00bb o enlaces a las p\u00e1ginas web de XXXXXXXXXX, SL tiene finalidad meramente informativa y en ning\u00fan caso supone sugerencia, invitaci\u00f3n o recomendaci\u00f3n sobre los mismos.<\/p>\n\t\t\t\t\t\t<\/div>\n\t\t\t\t<\/div>\n\t\t\t\t\t<\/div>\n\t\t<\/div>\n\t\t\t\t\t<\/div>\n\t\t<\/section>\n\t\t\t\t<\/div>\n\t\t","protected":false},"excerpt":{"rendered":"<p>En cumplimiento del art\u00edculo 10 de la Ley 34\/2002, de 11 de julio, de Servicios de la Sociedad de la Informaci\u00f3n y Comercio Electr\u00f3nico (LSSI-CE) a continuaci\u00f3n se detallan los datos identificativos de la empresa: NOMBRE EMPRESARaz\u00f3n social: XXXXXXXXXXCIF: XXXXXXXXXXDirecci\u00f3n: XXXXXXXXXXTel\u00e9fono: XXXXXXXXXXEmail: XXXXXXXXXX FINALIDAD DE&#8230;<\/p>\n","protected":false},"author":1,"featured_media":0,"parent":0,"menu_order":0,"comment_status":"closed","ping_status":"closed","template":"","meta":{"footnotes":""},"class_list":["post-1273","page","type-page","status-publish","hentry"],"yoast_head":"<!-- This site is optimized with the Yoast SEO plugin v24.6 - https:\/\/yoast.com\/wordpress\/plugins\/seo\/ -->\n<title>Aviso legal - Estable Can Taberner<\/title>\n<meta name=\"robots\" content=\"noindex, nofollow\" \/>\n<meta property=\"og:locale\" content=\"es_ES\" \/>\n<meta property=\"og:type\" content=\"article\" \/>\n<meta property=\"og:title\" content=\"Aviso legal - Estable Can Taberner\" \/>\n<meta property=\"og:description\" content=\"En cumplimiento del art\u00edculo 10 de la Ley 34\/2002, de 11 de julio, de Servicios de la Sociedad de la Informaci\u00f3n y Comercio Electr\u00f3nico (LSSI-CE) a continuaci\u00f3n se detallan los datos identificativos de la empresa: NOMBRE EMPRESARaz\u00f3n social: XXXXXXXXXXCIF: XXXXXXXXXXDirecci\u00f3n: XXXXXXXXXXTel\u00e9fono: XXXXXXXXXXEmail: XXXXXXXXXX FINALIDAD DE...\" \/>\n<meta property=\"og:url\" content=\"https:\/\/www.cantaberner.cat\/es\/aviso-legal\/\" \/>\n<meta property=\"og:site_name\" content=\"Estable Can Taberner\" \/>\n<meta property=\"article:modified_time\" content=\"2024-01-26T10:40:00+00:00\" \/>\n<meta name=\"twitter:card\" content=\"summary_large_image\" \/>\n<meta name=\"twitter:label1\" content=\"Tiempo de lectura\" \/>\n\t<meta name=\"twitter:data1\" content=\"2 minutos\" \/>\n<!-- \/ Yoast SEO plugin. -->","yoast_head_json":{"title":"Aviso legal - Estable Can Taberner","robots":{"index":"noindex","follow":"nofollow"},"og_locale":"es_ES","og_type":"article","og_title":"Aviso legal - Estable Can Taberner","og_description":"En cumplimiento del art\u00edculo 10 de la Ley 34\/2002, de 11 de julio, de Servicios de la Sociedad de la Informaci\u00f3n y Comercio Electr\u00f3nico (LSSI-CE) a continuaci\u00f3n se detallan los datos identificativos de la empresa: NOMBRE EMPRESARaz\u00f3n social: XXXXXXXXXXCIF: XXXXXXXXXXDirecci\u00f3n: XXXXXXXXXXTel\u00e9fono: XXXXXXXXXXEmail: XXXXXXXXXX FINALIDAD DE...","og_url":"https:\/\/www.cantaberner.cat\/es\/aviso-legal\/","og_site_name":"Estable Can Taberner","article_modified_time":"2024-01-26T10:40:00+00:00","twitter_card":"summary_large_image","twitter_misc":{"Tiempo de lectura":"2 minutos"},"schema":{"@context":"https:\/\/schema.org","@graph":[{"@type":"WebPage","@id":"https:\/\/www.cantaberner.cat\/es\/aviso-legal\/","url":"https:\/\/www.cantaberner.cat\/es\/aviso-legal\/","name":"Aviso legal - Estable Can Taberner","isPartOf":{"@id":"https:\/\/www.cantaberner.cat\/es\/#website"},"datePublished":"2023-09-25T15:44:11+00:00","dateModified":"2024-01-26T10:40:00+00:00","breadcrumb":{"@id":"https:\/\/www.cantaberner.cat\/es\/aviso-legal\/#breadcrumb"},"inLanguage":"es","potentialAction":[{"@type":"ReadAction","target":["https:\/\/www.cantaberner.cat\/es\/aviso-legal\/"]}]},{"@type":"BreadcrumbList","@id":"https:\/\/www.cantaberner.cat\/es\/aviso-legal\/#breadcrumb","itemListElement":[{"@type":"ListItem","position":1,"name":"Portada","item":"https:\/\/www.cantaberner.cat\/es\/hombre\/"},{"@type":"ListItem","position":2,"name":"Aviso legal"}]},{"@type":"WebSite","@id":"https:\/\/www.cantaberner.cat\/es\/#website","url":"https:\/\/www.cantaberner.cat\/es\/","name":"Estable Can Taberner","description":"","publisher":{"@id":"https:\/\/www.cantaberner.cat\/es\/#organization"},"potentialAction":[{"@type":"SearchAction","target":{"@type":"EntryPoint","urlTemplate":"https:\/\/www.cantaberner.cat\/es\/?s={search_term_string}"},"query-input":{"@type":"PropertyValueSpecification","valueRequired":true,"valueName":"search_term_string"}}],"inLanguage":"es"},{"@type":"Organization","@id":"https:\/\/www.cantaberner.cat\/es\/#organization","name":"Estable Can Taberner","url":"https:\/\/www.cantaberner.cat\/es\/","logo":{"@type":"ImageObject","inLanguage":"es","@id":"https:\/\/www.cantaberner.cat\/es\/#\/schema\/logo\/image\/","url":"https:\/\/www.cantaberner.cat\/wp-content\/uploads\/2023\/09\/lestable-logo-p-e1695063348815.png","contentUrl":"https:\/\/www.cantaberner.cat\/wp-content\/uploads\/2023\/09\/lestable-logo-p-e1695063348815.png","width":254,"height":100,"caption":"Estable Can Taberner"},"image":{"@id":"https:\/\/www.cantaberner.cat\/es\/#\/schema\/logo\/image\/"}}]}},"_links":{"self":[{"href":"https:\/\/www.cantaberner.cat\/es\/wp-json\/wp\/v2\/pages\/1273","targetHints":{"allow":["GET"]}}],"collection":[{"href":"https:\/\/www.cantaberner.cat\/es\/wp-json\/wp\/v2\/pages"}],"about":[{"href":"https:\/\/www.cantaberner.cat\/es\/wp-json\/wp\/v2\/types\/page"}],"author":[{"embeddable":true,"href":"https:\/\/www.cantaberner.cat\/es\/wp-json\/wp\/v2\/users\/1"}],"replies":[{"embeddable":true,"href":"https:\/\/www.cantaberner.cat\/es\/wp-json\/wp\/v2\/comments?post=1273"}],"version-history":[{"count":2,"href":"https:\/\/www.cantaberner.cat\/es\/wp-json\/wp\/v2\/pages\/1273\/revisions"}],"predecessor-version":[{"id":1278,"href":"https:\/\/www.cantaberner.cat\/es\/wp-json\/wp\/v2\/pages\/1273\/revisions\/1278"}],"wp:attachment":[{"href":"https:\/\/www.cantaberner.cat\/es\/wp-json\/wp\/v2\/media?parent=1273"}],"curies":[{"name":"wp","href":"https:\/\/api.w.org\/{rel}","templated":true}]}}