{"id":1248,"date":"2023-09-19T21:42:25","date_gmt":"2023-09-19T19:42:25","guid":{"rendered":"https:\/\/www.cantaberner.cat\/confirmacion-de-reserva\/"},"modified":"2025-02-27T14:13:16","modified_gmt":"2025-02-27T12:13:16","slug":"confirmacion-de-reserva","status":"publish","type":"page","link":"https:\/\/www.cantaberner.cat\/es\/confirmacion-de-reserva\/","title":{"rendered":"Confirmaci\u00f3n de reserva"},"content":{"rendered":"\t\t<div data-elementor-type=\"wp-page\" data-elementor-id=\"1248\" class=\"elementor elementor-1248 elementor-418\">\n\t\t\t\t\t\t<section class=\"elementor-section elementor-top-section elementor-element elementor-element-3483ccf elementor-section-boxed elementor-section-height-default elementor-section-height-default parallax_section_no qode_elementor_container_no qode-content-aligment-left\" data-id=\"3483ccf\" data-element_type=\"section\">\n\t\t\t\t\t\t<div class=\"elementor-container elementor-column-gap-default\">\n\t\t\t\t\t<div class=\"elementor-column elementor-col-100 elementor-top-column elementor-element elementor-element-35930a8\" data-id=\"35930a8\" data-element_type=\"column\">\n\t\t\t<div class=\"elementor-widget-wrap elementor-element-populated\">\n\t\t\t\t\t\t<div class=\"elementor-element elementor-element-ad2773c elementor-widget elementor-widget-text-editor\" data-id=\"ad2773c\" data-element_type=\"widget\" data-widget_type=\"text-editor.default\">\n\t\t\t\t<div class=\"elementor-widget-container\">\n\t\t\t\t\t\t\t<p><div class=\"mphb_sc_checkout-wrapper \"><\/div><\/p>\n\t\t\t\t\t\t<\/div>\n\t\t\t\t<\/div>\n\t\t\t\t<div class=\"elementor-element elementor-element-f24b383 elementor-widget elementor-widget-spacer\" data-id=\"f24b383\" data-element_type=\"widget\" data-widget_type=\"spacer.default\">\n\t\t\t\t<div class=\"elementor-widget-container\">\n\t\t\t\t\t<div class=\"elementor-spacer\">\n\t\t\t<div class=\"elementor-spacer-inner\"><\/div>\n\t\t<\/div>\n\t\t\t\t<\/div>\n\t\t\t\t<\/div>\n\t\t\t\t<div class=\"elementor-element elementor-element-385852d elementor-widget elementor-widget-text-editor\" data-id=\"385852d\" data-element_type=\"widget\" data-widget_type=\"text-editor.default\">\n\t\t\t\t<div class=\"elementor-widget-container\">\n\t\t\t\t\t\t\t<p>* El precio es por una habitaci\u00f3n para 2 personas. Si necesitas una cama supletoria o cualquier otro detalle, puedes indicarlo en el formulario y hablamos de ello.<\/p>\n<p><span style=\"color: #003300;\"><strong>Te recuerdo la pol\u00edtica de cancelaci\u00f3n de Can Taberner:<\/strong><\/span><\/p>\n<p>Cancelaci\u00f3n hasta 7 d\u00edas antes de la fecha de llegada: modificaci\u00f3n de las fechas o devolveremos el 100% de tu reserva<\/p>\n<p>Cancelaci\u00f3n menos de 7 d\u00edas antes de la fecha de llegada: modificaci\u00f3n de las fechas pero no devolveremos el dinero<\/p>\n<p><span style=\"color: #003300;\">Al finalizar la reserva te enviaremos un mail de confirmaci\u00f3n con todos los detalles y datos de pago.<\/span><br \/><span style=\"color: #003300;\"><em>Puedes contactar con nosotros en hola@cantaberner.cat o en el 639334814<\/em><\/span><\/p>\n\t\t\t\t\t\t<\/div>\n\t\t\t\t<\/div>\n\t\t\t\t<div class=\"elementor-element elementor-element-367f1e0 elementor-widget elementor-widget-image\" data-id=\"367f1e0\" data-element_type=\"widget\" data-widget_type=\"image.default\">\n\t\t\t\t<div class=\"elementor-widget-container\">\n\t\t\t\t\t\t\t\t\t\t\t\t\t<img fetchpriority=\"high\" decoding=\"async\" width=\"1024\" height=\"416\" src=\"https:\/\/www.cantaberner.cat\/wp-content\/uploads\/2023\/09\/estable-peu-1024x416.jpg\" class=\"attachment-large size-large wp-image-654\" alt=\"\" srcset=\"https:\/\/www.cantaberner.cat\/wp-content\/uploads\/2023\/09\/estable-peu-1024x416.jpg 1024w, https:\/\/www.cantaberner.cat\/wp-content\/uploads\/2023\/09\/estable-peu-300x122.jpg 300w, https:\/\/www.cantaberner.cat\/wp-content\/uploads\/2023\/09\/estable-peu-768x312.jpg 768w, https:\/\/www.cantaberner.cat\/wp-content\/uploads\/2023\/09\/estable-peu-1536x625.jpg 1536w, https:\/\/www.cantaberner.cat\/wp-content\/uploads\/2023\/09\/estable-peu-700x285.jpg 700w, https:\/\/www.cantaberner.cat\/wp-content\/uploads\/2023\/09\/estable-peu-1100x447.jpg 1100w, https:\/\/www.cantaberner.cat\/wp-content\/uploads\/2023\/09\/estable-peu.jpg 1800w\" sizes=\"(max-width: 1024px) 100vw, 1024px\" \/>\t\t\t\t\t\t\t\t\t\t\t\t\t<\/div>\n\t\t\t\t<\/div>\n\t\t\t\t\t<\/div>\n\t\t<\/div>\n\t\t\t\t\t<\/div>\n\t\t<\/section>\n\t\t\t\t<\/div>\n\t\t","protected":false},"excerpt":{"rendered":"<p>* El precio es por una habitaci\u00f3n para 2 personas. Si necesitas una cama supletoria o cualquier otro detalle, puedes indicarlo en el formulario y hablamos de ello. Te recuerdo la pol\u00edtica de cancelaci\u00f3n de Can Taberner: Cancelaci\u00f3n hasta 7 d\u00edas antes de la fecha&#8230;<\/p>\n","protected":false},"author":1,"featured_media":0,"parent":0,"menu_order":0,"comment_status":"closed","ping_status":"closed","template":"","meta":{"footnotes":""},"class_list":["post-1248","page","type-page","status-publish","hentry"],"yoast_head":"<!-- This site is optimized with the Yoast SEO plugin v24.6 - https:\/\/yoast.com\/wordpress\/plugins\/seo\/ -->\n<title>Confirmaci\u00f3n de reserva - Estable Can Taberner<\/title>\n<meta name=\"robots\" content=\"noindex, nofollow\" \/>\n<meta property=\"og:locale\" content=\"es_ES\" \/>\n<meta property=\"og:type\" content=\"article\" \/>\n<meta property=\"og:title\" content=\"Confirmaci\u00f3n de reserva - Estable Can Taberner\" \/>\n<meta property=\"og:description\" content=\"* El precio es por una habitaci\u00f3n para 2 personas. Si necesitas una cama supletoria o cualquier otro detalle, puedes indicarlo en el formulario y hablamos de ello. Te recuerdo la pol\u00edtica de cancelaci\u00f3n de Can Taberner: Cancelaci\u00f3n hasta 7 d\u00edas antes de la fecha...\" \/>\n<meta property=\"og:url\" content=\"https:\/\/www.cantaberner.cat\/es\/confirmacion-de-reserva\/\" \/>\n<meta property=\"og:site_name\" content=\"Estable Can Taberner\" \/>\n<meta property=\"article:modified_time\" content=\"2025-02-27T12:13:16+00:00\" \/>\n<meta property=\"og:image\" content=\"https:\/\/www.cantaberner.cat\/wp-content\/uploads\/2023\/09\/estable-peu-1024x416.jpg\" \/>\n<meta name=\"twitter:card\" content=\"summary_large_image\" \/>\n<meta name=\"twitter:label1\" content=\"Tiempo de lectura\" \/>\n\t<meta name=\"twitter:data1\" content=\"1 minuto\" \/>\n<!-- \/ Yoast SEO plugin. -->","yoast_head_json":{"title":"Confirmaci\u00f3n de reserva - Estable Can Taberner","robots":{"index":"noindex","follow":"nofollow"},"og_locale":"es_ES","og_type":"article","og_title":"Confirmaci\u00f3n de reserva - Estable Can Taberner","og_description":"* El precio es por una habitaci\u00f3n para 2 personas. Si necesitas una cama supletoria o cualquier otro detalle, puedes indicarlo en el formulario y hablamos de ello. Te recuerdo la pol\u00edtica de cancelaci\u00f3n de Can Taberner: Cancelaci\u00f3n hasta 7 d\u00edas antes de la fecha...","og_url":"https:\/\/www.cantaberner.cat\/es\/confirmacion-de-reserva\/","og_site_name":"Estable Can Taberner","article_modified_time":"2025-02-27T12:13:16+00:00","og_image":[{"url":"https:\/\/www.cantaberner.cat\/wp-content\/uploads\/2023\/09\/estable-peu-1024x416.jpg","type":"","width":"","height":""}],"twitter_card":"summary_large_image","twitter_misc":{"Tiempo de lectura":"1 minuto"},"schema":{"@context":"https:\/\/schema.org","@graph":[{"@type":"WebPage","@id":"https:\/\/www.cantaberner.cat\/es\/confirmacion-de-reserva\/","url":"https:\/\/www.cantaberner.cat\/es\/confirmacion-de-reserva\/","name":"Confirmaci\u00f3n de reserva - Estable Can Taberner","isPartOf":{"@id":"https:\/\/www.cantaberner.cat\/es\/#website"},"primaryImageOfPage":{"@id":"https:\/\/www.cantaberner.cat\/es\/confirmacion-de-reserva\/#primaryimage"},"image":{"@id":"https:\/\/www.cantaberner.cat\/es\/confirmacion-de-reserva\/#primaryimage"},"thumbnailUrl":"https:\/\/www.cantaberner.cat\/wp-content\/uploads\/2023\/09\/estable-peu-1024x416.jpg","datePublished":"2023-09-19T19:42:25+00:00","dateModified":"2025-02-27T12:13:16+00:00","breadcrumb":{"@id":"https:\/\/www.cantaberner.cat\/es\/confirmacion-de-reserva\/#breadcrumb"},"inLanguage":"es","potentialAction":[{"@type":"ReadAction","target":["https:\/\/www.cantaberner.cat\/es\/confirmacion-de-reserva\/"]}]},{"@type":"ImageObject","inLanguage":"es","@id":"https:\/\/www.cantaberner.cat\/es\/confirmacion-de-reserva\/#primaryimage","url":"https:\/\/www.cantaberner.cat\/wp-content\/uploads\/2023\/09\/estable-peu-1024x416.jpg","contentUrl":"https:\/\/www.cantaberner.cat\/wp-content\/uploads\/2023\/09\/estable-peu-1024x416.jpg"},{"@type":"BreadcrumbList","@id":"https:\/\/www.cantaberner.cat\/es\/confirmacion-de-reserva\/#breadcrumb","itemListElement":[{"@type":"ListItem","position":1,"name":"Portada","item":"https:\/\/www.cantaberner.cat\/es\/hombre\/"},{"@type":"ListItem","position":2,"name":"Confirmaci\u00f3n de reserva"}]},{"@type":"WebSite","@id":"https:\/\/www.cantaberner.cat\/es\/#website","url":"https:\/\/www.cantaberner.cat\/es\/","name":"Estable Can Taberner","description":"","publisher":{"@id":"https:\/\/www.cantaberner.cat\/es\/#organization"},"potentialAction":[{"@type":"SearchAction","target":{"@type":"EntryPoint","urlTemplate":"https:\/\/www.cantaberner.cat\/es\/?s={search_term_string}"},"query-input":{"@type":"PropertyValueSpecification","valueRequired":true,"valueName":"search_term_string"}}],"inLanguage":"es"},{"@type":"Organization","@id":"https:\/\/www.cantaberner.cat\/es\/#organization","name":"Estable Can Taberner","url":"https:\/\/www.cantaberner.cat\/es\/","logo":{"@type":"ImageObject","inLanguage":"es","@id":"https:\/\/www.cantaberner.cat\/es\/#\/schema\/logo\/image\/","url":"https:\/\/www.cantaberner.cat\/wp-content\/uploads\/2023\/09\/lestable-logo-p-e1695063348815.png","contentUrl":"https:\/\/www.cantaberner.cat\/wp-content\/uploads\/2023\/09\/lestable-logo-p-e1695063348815.png","width":254,"height":100,"caption":"Estable Can Taberner"},"image":{"@id":"https:\/\/www.cantaberner.cat\/es\/#\/schema\/logo\/image\/"}}]}},"_links":{"self":[{"href":"https:\/\/www.cantaberner.cat\/es\/wp-json\/wp\/v2\/pages\/1248","targetHints":{"allow":["GET"]}}],"collection":[{"href":"https:\/\/www.cantaberner.cat\/es\/wp-json\/wp\/v2\/pages"}],"about":[{"href":"https:\/\/www.cantaberner.cat\/es\/wp-json\/wp\/v2\/types\/page"}],"author":[{"embeddable":true,"href":"https:\/\/www.cantaberner.cat\/es\/wp-json\/wp\/v2\/users\/1"}],"replies":[{"embeddable":true,"href":"https:\/\/www.cantaberner.cat\/es\/wp-json\/wp\/v2\/comments?post=1248"}],"version-history":[{"count":6,"href":"https:\/\/www.cantaberner.cat\/es\/wp-json\/wp\/v2\/pages\/1248\/revisions"}],"predecessor-version":[{"id":1630,"href":"https:\/\/www.cantaberner.cat\/es\/wp-json\/wp\/v2\/pages\/1248\/revisions\/1630"}],"wp:attachment":[{"href":"https:\/\/www.cantaberner.cat\/es\/wp-json\/wp\/v2\/media?parent=1248"}],"curies":[{"name":"wp","href":"https:\/\/api.w.org\/{rel}","templated":true}]}}