{"id":739,"date":"2023-09-25T17:43:58","date_gmt":"2023-09-25T15:43:58","guid":{"rendered":"https:\/\/www.cantaberner.cat\/?page_id=739"},"modified":"2024-01-26T13:00:56","modified_gmt":"2024-01-26T11:00:56","slug":"politica-de-cookies","status":"publish","type":"page","link":"https:\/\/www.cantaberner.cat\/ca\/politica-de-cookies\/","title":{"rendered":"Pol\u00edtica de cookies"},"content":{"rendered":"\t\t<div data-elementor-type=\"wp-page\" data-elementor-id=\"739\" class=\"elementor elementor-739\">\n\t\t\t\t\t\t<section class=\"elementor-section elementor-top-section elementor-element elementor-element-0061ccf elementor-section-boxed elementor-section-height-default elementor-section-height-default parallax_section_no qode_elementor_container_no qode-content-aligment-left\" data-id=\"0061ccf\" data-element_type=\"section\">\n\t\t\t\t\t\t<div class=\"elementor-container elementor-column-gap-default\">\n\t\t\t\t\t<div class=\"elementor-column elementor-col-100 elementor-top-column elementor-element elementor-element-8bcfacd\" data-id=\"8bcfacd\" data-element_type=\"column\">\n\t\t\t<div class=\"elementor-widget-wrap elementor-element-populated\">\n\t\t\t\t\t\t<div class=\"elementor-element elementor-element-f978f44 elementor-widget elementor-widget-text-editor\" data-id=\"f978f44\" data-element_type=\"widget\" data-widget_type=\"text-editor.default\">\n\t\t\t\t<div class=\"elementor-widget-container\">\n\t\t\t\t\t\t\t<p>Cantaberner.cat&nbsp; explica en aquest text la seva Pol\u00edtica de recollida i tractament de cookies, en compliment del que disposa l&#8217;article 22.2 de la Llei 34\/2002, d\u201911 de juliol, de Serveis de la societat de la Informaci\u00f3 i de Comer\u00e7 Electr\u00f2nic (LSSI-CE).<\/p>\t\t\t\t\t\t<\/div>\n\t\t\t\t<\/div>\n\t\t\t\t<div class=\"elementor-element elementor-element-5643134 elementor-widget elementor-widget-text-editor\" data-id=\"5643134\" data-element_type=\"widget\" data-widget_type=\"text-editor.default\">\n\t\t\t\t<div class=\"elementor-widget-container\">\n\t\t\t\t\t\t\t<p>Les cookies s&#8217;emmagatzemen a l&#8217;equip terminal de l&#8217;usuari (ordinador o dispositiu m\u00f2bil) i recopilen informaci\u00f3 en visitar la p\u00e0gina web www.cantaberner.cat, amb la finalitat de millorar la usabilitat de la mateixa, con\u00e8ixer els h\u00e0bits o necessitats de navegaci\u00f3 dels usuaris per poder adaptar-se als mateixos, aix\u00ed com obtenir informaci\u00f3 amb fins estad\u00edstics. En el cas d&#8217;aquells usuaris que ja siguin clients de Cantaberner.cat, la informaci\u00f3 recollida amb les cookies servir\u00e0 tamb\u00e9 per a la seva identificaci\u00f3 en accedir a les diferents eines que Cantaberner.cat posa a la seva disposici\u00f3 per a la gesti\u00f3 dels serveis.<\/p>\t\t\t\t\t\t<\/div>\n\t\t\t\t<\/div>\n\t\t\t\t<div class=\"elementor-element elementor-element-f3ea46a elementor-widget elementor-widget-text-editor\" data-id=\"f3ea46a\" data-element_type=\"widget\" data-widget_type=\"text-editor.default\">\n\t\t\t\t<div class=\"elementor-widget-container\">\n\t\t\t\t\t\t\t<p>La present Pol\u00edtica de cookies ser\u00e0 d&#8217;aplicaci\u00f3 a aquells usuaris que volunt\u00e0riament visitin les p\u00e0gines web de Cantaberner.cat, emplenin formularis de recollida de dades, accedeixin a les eines que Cantaberner.cat posa a disposici\u00f3 dels seus clients per a gestionar els seus serveis, o utilitzin qualsevol altre servei present en el lloc web que impliqui la comunicaci\u00f3 de dades a Cantaberner.cat, o l&#8217;acc\u00e9s a dades per Cantaberner.cat per a la prestaci\u00f3 dels seus serveis.<\/p>\t\t\t\t\t\t<\/div>\n\t\t\t\t<\/div>\n\t\t\t\t<div class=\"elementor-element elementor-element-e8067da elementor-widget elementor-widget-text-editor\" data-id=\"e8067da\" data-element_type=\"widget\" data-widget_type=\"text-editor.default\">\n\t\t\t\t<div class=\"elementor-widget-container\">\n\t\t\t\t\t\t\t<p>Cantaberner.cat informa els usuaris de les seves p\u00e0gines web, de l&#8217;exist\u00e8ncia de cookies i posa a la seva disposici\u00f3 la present Pol\u00edtica amb la finalitat d&#8217;informar-los sobre l&#8217;\u00fas i de l&#8217;objecte de les mateixes. El fet de continuar la navegaci\u00f3 a trav\u00e9s de les seves p\u00e0gines, suposa el coneixement i l&#8217;acceptaci\u00f3 de la present Pol\u00edtica per part d&#8217;aquests usuaris.<\/p>\t\t\t\t\t\t<\/div>\n\t\t\t\t<\/div>\n\t\t\t\t<div class=\"elementor-element elementor-element-9e77e7b elementor-widget elementor-widget-text-editor\" data-id=\"9e77e7b\" data-element_type=\"widget\" data-widget_type=\"text-editor.default\">\n\t\t\t\t<div class=\"elementor-widget-container\">\n\t\t\t\t\t\t\t<p>Cantaberner.cat utilitza els seg\u00fcents tipus de cookies:<\/p>\t\t\t\t\t\t<\/div>\n\t\t\t\t<\/div>\n\t\t\t\t<div class=\"elementor-element elementor-element-f8c3921 elementor-widget elementor-widget-heading\" data-id=\"f8c3921\" data-element_type=\"widget\" data-widget_type=\"heading.default\">\n\t\t\t\t<div class=\"elementor-widget-container\">\n\t\t\t<span class=\"elementor-heading-title elementor-size-default\">CLASSIFICADES SEGONS LA SEVA TITULARITAT:<\/span>\t\t<\/div>\n\t\t\t\t<\/div>\n\t\t\t\t<div class=\"elementor-element elementor-element-b71b8d4 elementor-widget elementor-widget-text-editor\" data-id=\"b71b8d4\" data-element_type=\"widget\" data-widget_type=\"text-editor.default\">\n\t\t\t\t<div class=\"elementor-widget-container\">\n\t\t\t\t\t\t\t<p>Cookies pr\u00f2pies: enviades i gestionades directament per Cantaberner.cat.<\/p>\t\t\t\t\t\t<\/div>\n\t\t\t\t<\/div>\n\t\t\t\t<div class=\"elementor-element elementor-element-6963e83 elementor-widget elementor-widget-text-editor\" data-id=\"6963e83\" data-element_type=\"widget\" data-widget_type=\"text-editor.default\">\n\t\t\t\t<div class=\"elementor-widget-container\">\n\t\t\t\t\t\t\t<p>Cookies de tercers: enviades i gestionades per un tercer ali\u00e8 a Cantaberner.cat, de forma an\u00f2nima, amb la finalitat de realitzar estudis estad\u00edstics de navegaci\u00f3 per les p\u00e0gines web de Cantaberner.cat.<\/p>\t\t\t\t\t\t<\/div>\n\t\t\t\t<\/div>\n\t\t\t\t<div class=\"elementor-element elementor-element-f5c4abe elementor-widget elementor-widget-heading\" data-id=\"f5c4abe\" data-element_type=\"widget\" data-widget_type=\"heading.default\">\n\t\t\t\t<div class=\"elementor-widget-container\">\n\t\t\t<span class=\"elementor-heading-title elementor-size-default\">CLASSIFICADES SEGONS LA SEVA FINALITAT:<\/span>\t\t<\/div>\n\t\t\t\t<\/div>\n\t\t\t\t<div class=\"elementor-element elementor-element-b404245 elementor-widget elementor-widget-text-editor\" data-id=\"b404245\" data-element_type=\"widget\" data-widget_type=\"text-editor.default\">\n\t\t\t\t<div class=\"elementor-widget-container\">\n\t\t\t\t\t\t\t<p>Cookies t\u00e8cniques i\/o de personalitzaci\u00f3: faciliten la navegaci\u00f3 en identificar la sessi\u00f3, permetre l&#8217;acc\u00e9s a eines d&#8217;acc\u00e9s restringit, a m\u00e9s de configurar a mida les opcions disponibles. Possibiliten la prestaci\u00f3 del servei sol\u00b7licitat pr\u00e8viament per l&#8217;usuari.<\/p>\t\t\t\t\t\t<\/div>\n\t\t\t\t<\/div>\n\t\t\t\t<div class=\"elementor-element elementor-element-a1f8f13 elementor-widget elementor-widget-text-editor\" data-id=\"a1f8f13\" data-element_type=\"widget\" data-widget_type=\"text-editor.default\">\n\t\t\t\t<div class=\"elementor-widget-container\">\n\t\t\t\t\t\t\t<p>Cookies d&#8217;an\u00e0lisi i\/o publicitat: permeten con\u00e8ixer el nombre de visites rebudes en les diferents seccions de les p\u00e0gines web, els h\u00e0bits i tend\u00e8ncies dels seus usuaris i en conseq\u00fc\u00e8ncia, poder millorar la navegaci\u00f3 i el servei ofert per Cantaberner.cat (fonamentalment, Google Analytics), aix\u00ed com gestionar els espais publicitaris inclosos en la p\u00e0gina web visitada per l&#8217;usuari. Recull dades de forma an\u00f2nima amb la finalitat d&#8217;obtenir perfils de navegaci\u00f3 dels usuaris.<\/p>\t\t\t\t\t\t<\/div>\n\t\t\t\t<\/div>\n\t\t\t\t<div class=\"elementor-element elementor-element-a7acd49 elementor-widget elementor-widget-heading\" data-id=\"a7acd49\" data-element_type=\"widget\" data-widget_type=\"heading.default\">\n\t\t\t\t<div class=\"elementor-widget-container\">\n\t\t\t<span class=\"elementor-heading-title elementor-size-default\">CLASSIFICADES SEGONS LA SEVA DURADA:<\/span>\t\t<\/div>\n\t\t\t\t<\/div>\n\t\t\t\t<div class=\"elementor-element elementor-element-dcbf0ea elementor-widget elementor-widget-text-editor\" data-id=\"dcbf0ea\" data-element_type=\"widget\" data-widget_type=\"text-editor.default\">\n\t\t\t\t<div class=\"elementor-widget-container\">\n\t\t\t\t\t\t\t<p>Cookies de sessi\u00f3: recullen i emmagatzemen les dades mentre l&#8217;usuari accedeix a la p\u00e0gina web.<\/p>\t\t\t\t\t\t<\/div>\n\t\t\t\t<\/div>\n\t\t\t\t<div class=\"elementor-element elementor-element-27350a2 elementor-widget elementor-widget-text-editor\" data-id=\"27350a2\" data-element_type=\"widget\" data-widget_type=\"text-editor.default\">\n\t\t\t\t<div class=\"elementor-widget-container\">\n\t\t\t\t\t\t\t<p>Cookies persistents: recapten i emmagatzemen les dades en el terminal de l&#8217;usuari durant un per\u00edode de temps variable en funci\u00f3 de quina sigui la finalitat per a la qual han estat utilitzades.<\/p>\t\t\t\t\t\t<\/div>\n\t\t\t\t<\/div>\n\t\t\t\t<div class=\"elementor-element elementor-element-3162a0a elementor-widget elementor-widget-text-editor\" data-id=\"3162a0a\" data-element_type=\"widget\" data-widget_type=\"text-editor.default\">\n\t\t\t\t<div class=\"elementor-widget-container\">\n\t\t\t\t\t\t\t<p>El temps de conservaci\u00f3 de les cookies dependr\u00e0 del tipus de qu\u00e8 es tracti i sempre ser\u00e0 el m\u00ednim indispensable per complir la seva finalitat.<\/p>\t\t\t\t\t\t<\/div>\n\t\t\t\t<\/div>\n\t\t\t\t<div class=\"elementor-element elementor-element-9cf4969 elementor-widget elementor-widget-text-editor\" data-id=\"9cf4969\" data-element_type=\"widget\" data-widget_type=\"text-editor.default\">\n\t\t\t\t<div class=\"elementor-widget-container\">\n\t\t\t\t\t\t\t<p>En qualsevol cas, els usuaris poden configurar el seu navegador, de manera que es desactivi o bloquegi la recepci\u00f3 de totes o algunes de les cookies. El fet de no desitjar rebre aquestes cookies, no constitueix un impediment per poder accedir a la informaci\u00f3 dels llocs web de Cantaberner.cat encara que l&#8217;\u00fas d&#8217;alguns serveis podr\u00e0 ser limitat. Si un cop atorgat el consentiment per a la recepci\u00f3 de cookies es desitg\u00e9s retirar-lo, s&#8217;hauran eliminar aquelles cookies emmagatzemades a l&#8217;equip de l&#8217;usuari, a trav\u00e9s de les opcions dels diferents navegadors.<\/p>\t\t\t\t\t\t<\/div>\n\t\t\t\t<\/div>\n\t\t\t\t<div class=\"elementor-element elementor-element-ffc6e85 elementor-widget elementor-widget-text-editor\" data-id=\"ffc6e85\" data-element_type=\"widget\" data-widget_type=\"text-editor.default\">\n\t\t\t\t<div class=\"elementor-widget-container\">\n\t\t\t\t\t\t\t<p>La forma de configurar els diferents navegadors per exercitar les accions assenyalades en els par\u00e0grafs anteriors, es pot consultar a:<\/p>\t\t\t\t\t\t<\/div>\n\t\t\t\t<\/div>\n\t\t\t\t<div class=\"elementor-element elementor-element-4626318 elementor-widget elementor-widget-text-editor\" data-id=\"4626318\" data-element_type=\"widget\" data-widget_type=\"text-editor.default\">\n\t\t\t\t<div class=\"elementor-widget-container\">\n\t\t\t\t\t\t\t<p>Explorer: https:\/\/support.microsoft.com\/es-es\/help\/17479\/windows-internet-explorer-11-change-security-privacy-settings<br \/>Chrome: https:\/\/support.google.com\/chrome\/answer\/95647?hl=es<br \/>Firefox: http:\/\/support.mozilla.org\/es\/kb\/cookies-informacion-que-los-sitios-web-guardan-en-?redirectlocale=en-US&amp;redirectslug=Cookies<br \/>Safari: https:\/\/support.apple.com\/kb\/ph21411?locale=es_ES<\/p>\t\t\t\t\t\t<\/div>\n\t\t\t\t<\/div>\n\t\t\t\t<div class=\"elementor-element elementor-element-b95f24e elementor-widget elementor-widget-heading\" data-id=\"b95f24e\" data-element_type=\"widget\" data-widget_type=\"heading.default\">\n\t\t\t\t<div class=\"elementor-widget-container\">\n\t\t\t<span class=\"elementor-heading-title elementor-size-default\">GOOGLE ANALYTICS<\/span>\t\t<\/div>\n\t\t\t\t<\/div>\n\t\t\t\t<div class=\"elementor-element elementor-element-4d6daaf elementor-widget elementor-widget-text-editor\" data-id=\"4d6daaf\" data-element_type=\"widget\" data-widget_type=\"text-editor.default\">\n\t\t\t\t<div class=\"elementor-widget-container\">\n\t\t\t\t\t\t\t<p>Aquesta p\u00e0gina web utilitza Google Analytics, un servei anal\u00edtic web proporcionat per Google, Inc (Google, ara en endavant). Google Analytics utilitza les anomenades &#8220;cookies&#8221;, arxius de text que s&#8217;instal\u00b7len a l&#8217;ordinador i que fan possible l&#8217;an\u00e0lisi del comportament dels usuaris a Internet. La informaci\u00f3 que genera la cookie sobre l&#8217;\u00fas que realitza l&#8217;usuari de la p\u00e0gina web es transmet i s&#8217;emmagatzema generalment en els servidors de Google dels Estats Units. En cas d&#8217;activar l&#8217;opci\u00f3 d&#8217;IP an\u00f2nima a la p\u00e0gina web, l&#8217;adre\u00e7a IP no apareixer\u00e0 completa dins dels pa\u00efsos de la Uni\u00f3 Europea o en els altres pa\u00efsos que aix\u00ed ho hagin acordat dins de l&#8217;espai econ\u00f2mic de la Uni\u00f3 Europea.<\/p>\t\t\t\t\t\t<\/div>\n\t\t\t\t<\/div>\n\t\t\t\t<div class=\"elementor-element elementor-element-aba20e2 elementor-widget elementor-widget-text-editor\" data-id=\"aba20e2\" data-element_type=\"widget\" data-widget_type=\"text-editor.default\">\n\t\t\t\t<div class=\"elementor-widget-container\">\n\t\t\t\t\t\t\t<p>Nom\u00e9s excepcionalment es transmetr\u00e0 l&#8217;adre\u00e7a IP completa a un servidor de Google als Estats Units i un cop all\u00e0 s&#8217;escur\u00e7ar\u00e0. \u00danicament amb autoritzaci\u00f3 de l&#8217;usuari de la p\u00e0gina, Google utilitzar\u00e0 aquesta informaci\u00f3 per tal de valorar el comportament de l&#8217;usuari a la p\u00e0gina web, generar informes sobre les activitats del web i oferir al propietari de la p\u00e0gina serveis relacionats amb l&#8217;\u00fas web i d\u2019Internet. L&#8217;adre\u00e7a IP transmesa pel seu navegador en el marc de Google Analytics no s&#8217;associar\u00e0 amb altres dades de Google. L&#8217;usuari pot evitar l&#8217;emmagatzematge de cookies configurant el navegador corresponentment de manera que no s&#8217;emmagatzemin les cookies. Aquesta configuraci\u00f3 pot afectar la plena funcionalitat de la p\u00e0gina web. Amb l&#8217;\u00fas d&#8217;aquesta web, l&#8217;usuari est\u00e0 d&#8217;acord amb el processament de dades per Google de la manera anteriorment esmentada. L&#8217;usuari tamb\u00e9 pot evitar el registre de les dades generades per les galetes i dels relacionats a l&#8217;\u00fas de la p\u00e0gina web (inclosa l&#8217;adre\u00e7a IP), aix\u00ed com el processament dels mateixos descarregant i instal\u00b7lant el seg\u00fcent plugin per al navegador disponible a trav\u00e9s d&#8217;aquest link: http:\/\/tools.google.com\/dlpage\/gaoptout<\/p>\t\t\t\t\t\t<\/div>\n\t\t\t\t<\/div>\n\t\t\t\t<div class=\"elementor-element elementor-element-e1194f4 elementor-widget elementor-widget-text-editor\" data-id=\"e1194f4\" data-element_type=\"widget\" data-widget_type=\"text-editor.default\">\n\t\t\t\t<div class=\"elementor-widget-container\">\n\t\t\t\t\t\t\t<p>M\u00e9s informaci\u00f3 sobre els termes i condicions d&#8217;\u00fas i pol\u00edtica de privacitat en les condicions d&#8217;\u00fas de Google Analytics o en les condicions generals de Google Analytics. Tingues en compte que en aquesta p\u00e0gina el codi de Google analytics inclou l&#8217;etiqueta &#8220;gat._anonymizeIp();&#8221;, que assegura la recol\u00b7lecci\u00f3 d&#8217;adreces IP de manera an\u00f2nima (m\u00e0scara d&#8217;IP).<\/p>\t\t\t\t\t\t<\/div>\n\t\t\t\t<\/div>\n\t\t\t\t\t<\/div>\n\t\t<\/div>\n\t\t\t\t\t<\/div>\n\t\t<\/section>\n\t\t\t\t<\/div>\n\t\t","protected":false},"excerpt":{"rendered":"<p>Cantaberner.cat&nbsp; explica en aquest text la seva Pol\u00edtica de recollida i tractament de cookies, en compliment del que disposa l&#8217;article 22.2 de la Llei 34\/2002, d\u201911 de juliol, de Serveis de la societat de la Informaci\u00f3 i de Comer\u00e7 Electr\u00f2nic (LSSI-CE). Les cookies s&#8217;emmagatzemen a&#8230;<\/p>\n","protected":false},"author":1,"featured_media":0,"parent":0,"menu_order":0,"comment_status":"closed","ping_status":"closed","template":"","meta":{"footnotes":""},"class_list":["post-739","page","type-page","status-publish","hentry"],"yoast_head":"<!-- This site is optimized with the Yoast SEO plugin v24.6 - https:\/\/yoast.com\/wordpress\/plugins\/seo\/ -->\n<title>Pol\u00edtica de cookies - Estable Can Taberner<\/title>\n<meta name=\"robots\" content=\"noindex, nofollow\" \/>\n<meta property=\"og:locale\" content=\"ca_ES\" \/>\n<meta property=\"og:type\" content=\"article\" \/>\n<meta property=\"og:title\" content=\"Pol\u00edtica de cookies - Estable Can Taberner\" \/>\n<meta property=\"og:description\" content=\"Cantaberner.cat&nbsp; explica en aquest text la seva Pol\u00edtica de recollida i tractament de cookies, en compliment del que disposa l&#8217;article 22.2 de la Llei 34\/2002, d\u201911 de juliol, de Serveis de la societat de la Informaci\u00f3 i de Comer\u00e7 Electr\u00f2nic (LSSI-CE). Les cookies s&#8217;emmagatzemen a...\" \/>\n<meta property=\"og:url\" content=\"https:\/\/www.cantaberner.cat\/ca\/politica-de-cookies\/\" \/>\n<meta property=\"og:site_name\" content=\"Estable Can Taberner\" \/>\n<meta property=\"article:modified_time\" content=\"2024-01-26T11:00:56+00:00\" \/>\n<meta name=\"twitter:card\" content=\"summary_large_image\" \/>\n<meta name=\"twitter:label1\" content=\"Temps estimat de lectura\" \/>\n\t<meta name=\"twitter:data1\" content=\"6 minuts\" \/>\n<!-- \/ Yoast SEO plugin. -->","yoast_head_json":{"title":"Pol\u00edtica de cookies - Estable Can Taberner","robots":{"index":"noindex","follow":"nofollow"},"og_locale":"ca_ES","og_type":"article","og_title":"Pol\u00edtica de cookies - Estable Can Taberner","og_description":"Cantaberner.cat&nbsp; explica en aquest text la seva Pol\u00edtica de recollida i tractament de cookies, en compliment del que disposa l&#8217;article 22.2 de la Llei 34\/2002, d\u201911 de juliol, de Serveis de la societat de la Informaci\u00f3 i de Comer\u00e7 Electr\u00f2nic (LSSI-CE). Les cookies s&#8217;emmagatzemen a...","og_url":"https:\/\/www.cantaberner.cat\/ca\/politica-de-cookies\/","og_site_name":"Estable Can Taberner","article_modified_time":"2024-01-26T11:00:56+00:00","twitter_card":"summary_large_image","twitter_misc":{"Temps estimat de lectura":"6 minuts"},"schema":{"@context":"https:\/\/schema.org","@graph":[{"@type":"WebPage","@id":"https:\/\/www.cantaberner.cat\/ca\/politica-de-cookies\/","url":"https:\/\/www.cantaberner.cat\/ca\/politica-de-cookies\/","name":"Pol\u00edtica de cookies - Estable Can Taberner","isPartOf":{"@id":"https:\/\/www.cantaberner.cat\/ca\/#website"},"datePublished":"2023-09-25T15:43:58+00:00","dateModified":"2024-01-26T11:00:56+00:00","breadcrumb":{"@id":"https:\/\/www.cantaberner.cat\/ca\/politica-de-cookies\/#breadcrumb"},"inLanguage":"ca","potentialAction":[{"@type":"ReadAction","target":["https:\/\/www.cantaberner.cat\/ca\/politica-de-cookies\/"]}]},{"@type":"BreadcrumbList","@id":"https:\/\/www.cantaberner.cat\/ca\/politica-de-cookies\/#breadcrumb","itemListElement":[{"@type":"ListItem","position":1,"name":"Portada","item":"https:\/\/www.cantaberner.cat\/ca\/"},{"@type":"ListItem","position":2,"name":"Pol\u00edtica de cookies"}]},{"@type":"WebSite","@id":"https:\/\/www.cantaberner.cat\/ca\/#website","url":"https:\/\/www.cantaberner.cat\/ca\/","name":"Estable Can Taberner","description":"","publisher":{"@id":"https:\/\/www.cantaberner.cat\/ca\/#organization"},"potentialAction":[{"@type":"SearchAction","target":{"@type":"EntryPoint","urlTemplate":"https:\/\/www.cantaberner.cat\/ca\/?s={search_term_string}"},"query-input":{"@type":"PropertyValueSpecification","valueRequired":true,"valueName":"search_term_string"}}],"inLanguage":"ca"},{"@type":"Organization","@id":"https:\/\/www.cantaberner.cat\/ca\/#organization","name":"Estable Can Taberner","url":"https:\/\/www.cantaberner.cat\/ca\/","logo":{"@type":"ImageObject","inLanguage":"ca","@id":"https:\/\/www.cantaberner.cat\/ca\/#\/schema\/logo\/image\/","url":"https:\/\/www.cantaberner.cat\/wp-content\/uploads\/2023\/09\/lestable-logo-p-e1695063348815.png","contentUrl":"https:\/\/www.cantaberner.cat\/wp-content\/uploads\/2023\/09\/lestable-logo-p-e1695063348815.png","width":254,"height":100,"caption":"Estable Can Taberner"},"image":{"@id":"https:\/\/www.cantaberner.cat\/ca\/#\/schema\/logo\/image\/"}}]}},"_links":{"self":[{"href":"https:\/\/www.cantaberner.cat\/ca\/wp-json\/wp\/v2\/pages\/739","targetHints":{"allow":["GET"]}}],"collection":[{"href":"https:\/\/www.cantaberner.cat\/ca\/wp-json\/wp\/v2\/pages"}],"about":[{"href":"https:\/\/www.cantaberner.cat\/ca\/wp-json\/wp\/v2\/types\/page"}],"author":[{"embeddable":true,"href":"https:\/\/www.cantaberner.cat\/ca\/wp-json\/wp\/v2\/users\/1"}],"replies":[{"embeddable":true,"href":"https:\/\/www.cantaberner.cat\/ca\/wp-json\/wp\/v2\/comments?post=739"}],"version-history":[{"count":13,"href":"https:\/\/www.cantaberner.cat\/ca\/wp-json\/wp\/v2\/pages\/739\/revisions"}],"predecessor-version":[{"id":1342,"href":"https:\/\/www.cantaberner.cat\/ca\/wp-json\/wp\/v2\/pages\/739\/revisions\/1342"}],"wp:attachment":[{"href":"https:\/\/www.cantaberner.cat\/ca\/wp-json\/wp\/v2\/media?parent=739"}],"curies":[{"name":"wp","href":"https:\/\/api.w.org\/{rel}","templated":true}]}}