{"id":418,"date":"2023-09-19T21:42:25","date_gmt":"2023-09-19T19:42:25","guid":{"rendered":"https:\/\/www.establecantaberner.cat\/confirmacion-de-reserva\/"},"modified":"2025-02-27T14:10:17","modified_gmt":"2025-02-27T12:10:17","slug":"confirmacio-de-reserva","status":"publish","type":"page","link":"https:\/\/www.cantaberner.cat\/ca\/confirmacio-de-reserva\/","title":{"rendered":"Confirmaci\u00f3 de reserva"},"content":{"rendered":"\t\t<div data-elementor-type=\"wp-page\" data-elementor-id=\"418\" class=\"elementor elementor-418\">\n\t\t\t\t\t\t<section class=\"elementor-section elementor-top-section elementor-element elementor-element-3483ccf elementor-section-boxed elementor-section-height-default elementor-section-height-default parallax_section_no qode_elementor_container_no qode-content-aligment-left\" data-id=\"3483ccf\" data-element_type=\"section\">\n\t\t\t\t\t\t<div class=\"elementor-container elementor-column-gap-default\">\n\t\t\t\t\t<div class=\"elementor-column elementor-col-100 elementor-top-column elementor-element elementor-element-35930a8\" data-id=\"35930a8\" data-element_type=\"column\">\n\t\t\t<div class=\"elementor-widget-wrap elementor-element-populated\">\n\t\t\t\t\t\t<div class=\"elementor-element elementor-element-ad2773c elementor-widget elementor-widget-text-editor\" data-id=\"ad2773c\" data-element_type=\"widget\" data-widget_type=\"text-editor.default\">\n\t\t\t\t<div class=\"elementor-widget-container\">\n\t\t\t\t\t\t\t<p><div class=\"mphb_sc_checkout-wrapper \"><\/div><\/p>\t\t\t\t\t\t<\/div>\n\t\t\t\t<\/div>\n\t\t\t\t<div class=\"elementor-element elementor-element-f24b383 elementor-widget elementor-widget-spacer\" data-id=\"f24b383\" data-element_type=\"widget\" data-widget_type=\"spacer.default\">\n\t\t\t\t<div class=\"elementor-widget-container\">\n\t\t\t\t\t<div class=\"elementor-spacer\">\n\t\t\t<div class=\"elementor-spacer-inner\"><\/div>\n\t\t<\/div>\n\t\t\t\t<\/div>\n\t\t\t\t<\/div>\n\t\t\t\t<div class=\"elementor-element elementor-element-385852d elementor-widget elementor-widget-text-editor\" data-id=\"385852d\" data-element_type=\"widget\" data-widget_type=\"text-editor.default\">\n\t\t\t\t<div class=\"elementor-widget-container\">\n\t\t\t\t\t\t\t<p>* El preu \u00e9s per una habitaci\u00f3 per 2 persones. Si necessites un llit supletori o qualsevol altre detall, ho pots indicar en el formulari i en parlem.<\/p><p><span style=\"color: #003300;\"><strong>Et recordo la pol\u00edtica de cancel.laci\u00f3 de Can Taberner:<\/strong><\/span><\/p><p>Cancel.laci\u00f3 fins a 7 dies abans de la data d&#8217;arribada: modificaci\u00f3 de les dates o retornarem el 100% de la teva reserva<\/p><p>Cancel.laci\u00f3 menys de 7 dies abans de la data d&#8217;arribada: modificaci\u00f3 de les dates per\u00f2 no retornarem els diners<\/p><p><span style=\"color: #003300;\">En\u00a0finalitzar la reserva t&#8217;enviarem un mail de confirmaci\u00f3 amb\u00a0tots els detalls\u00a0i les dades de pagament.<\/span><br \/><span style=\"color: #003300;\"><em>Pots contactar amb nosaltres a hola@cantaberner.cat o al 639334814<\/em><\/span><\/p>\t\t\t\t\t\t<\/div>\n\t\t\t\t<\/div>\n\t\t\t\t<div class=\"elementor-element elementor-element-367f1e0 elementor-widget elementor-widget-image\" data-id=\"367f1e0\" data-element_type=\"widget\" data-widget_type=\"image.default\">\n\t\t\t\t<div class=\"elementor-widget-container\">\n\t\t\t\t\t\t\t\t\t\t\t\t\t<img fetchpriority=\"high\" decoding=\"async\" width=\"1024\" height=\"416\" src=\"https:\/\/www.cantaberner.cat\/wp-content\/uploads\/2023\/09\/estable-peu-1024x416.jpg\" class=\"attachment-large size-large wp-image-654\" alt=\"\" srcset=\"https:\/\/www.cantaberner.cat\/wp-content\/uploads\/2023\/09\/estable-peu-1024x416.jpg 1024w, https:\/\/www.cantaberner.cat\/wp-content\/uploads\/2023\/09\/estable-peu-300x122.jpg 300w, https:\/\/www.cantaberner.cat\/wp-content\/uploads\/2023\/09\/estable-peu-768x312.jpg 768w, https:\/\/www.cantaberner.cat\/wp-content\/uploads\/2023\/09\/estable-peu-1536x625.jpg 1536w, https:\/\/www.cantaberner.cat\/wp-content\/uploads\/2023\/09\/estable-peu-700x285.jpg 700w, https:\/\/www.cantaberner.cat\/wp-content\/uploads\/2023\/09\/estable-peu-1100x447.jpg 1100w, https:\/\/www.cantaberner.cat\/wp-content\/uploads\/2023\/09\/estable-peu.jpg 1800w\" sizes=\"(max-width: 1024px) 100vw, 1024px\" \/>\t\t\t\t\t\t\t\t\t\t\t\t\t<\/div>\n\t\t\t\t<\/div>\n\t\t\t\t\t<\/div>\n\t\t<\/div>\n\t\t\t\t\t<\/div>\n\t\t<\/section>\n\t\t\t\t<\/div>\n\t\t","protected":false},"excerpt":{"rendered":"<p>* El preu \u00e9s per una habitaci\u00f3 per 2 persones. Si necessites un llit supletori o qualsevol altre detall, ho pots indicar en el formulari i en parlem. Et recordo la pol\u00edtica de cancel.laci\u00f3 de Can Taberner: Cancel.laci\u00f3 fins a 7 dies abans de la&#8230;<\/p>\n","protected":false},"author":1,"featured_media":0,"parent":0,"menu_order":0,"comment_status":"closed","ping_status":"closed","template":"","meta":{"footnotes":""},"class_list":["post-418","page","type-page","status-publish","hentry"],"yoast_head":"<!-- This site is optimized with the Yoast SEO plugin v24.6 - https:\/\/yoast.com\/wordpress\/plugins\/seo\/ -->\n<title>Confirmaci\u00f3 de reserva - Estable Can Taberner<\/title>\n<meta name=\"robots\" content=\"noindex, nofollow\" \/>\n<meta property=\"og:locale\" content=\"ca_ES\" \/>\n<meta property=\"og:type\" content=\"article\" \/>\n<meta property=\"og:title\" content=\"Confirmaci\u00f3 de reserva - Estable Can Taberner\" \/>\n<meta property=\"og:description\" content=\"* El preu \u00e9s per una habitaci\u00f3 per 2 persones. Si necessites un llit supletori o qualsevol altre detall, ho pots indicar en el formulari i en parlem. Et recordo la pol\u00edtica de cancel.laci\u00f3 de Can Taberner: Cancel.laci\u00f3 fins a 7 dies abans de la...\" \/>\n<meta property=\"og:url\" content=\"https:\/\/www.cantaberner.cat\/ca\/confirmacio-de-reserva\/\" \/>\n<meta property=\"og:site_name\" content=\"Estable Can Taberner\" \/>\n<meta property=\"article:modified_time\" content=\"2025-02-27T12:10:17+00:00\" \/>\n<meta property=\"og:image\" content=\"https:\/\/www.cantaberner.cat\/wp-content\/uploads\/2023\/09\/estable-peu-1024x416.jpg\" \/>\n<meta name=\"twitter:card\" content=\"summary_large_image\" \/>\n<meta name=\"twitter:label1\" content=\"Temps estimat de lectura\" \/>\n\t<meta name=\"twitter:data1\" content=\"1 minut\" \/>\n<!-- \/ Yoast SEO plugin. -->","yoast_head_json":{"title":"Confirmaci\u00f3 de reserva - Estable Can Taberner","robots":{"index":"noindex","follow":"nofollow"},"og_locale":"ca_ES","og_type":"article","og_title":"Confirmaci\u00f3 de reserva - Estable Can Taberner","og_description":"* El preu \u00e9s per una habitaci\u00f3 per 2 persones. Si necessites un llit supletori o qualsevol altre detall, ho pots indicar en el formulari i en parlem. Et recordo la pol\u00edtica de cancel.laci\u00f3 de Can Taberner: Cancel.laci\u00f3 fins a 7 dies abans de la...","og_url":"https:\/\/www.cantaberner.cat\/ca\/confirmacio-de-reserva\/","og_site_name":"Estable Can Taberner","article_modified_time":"2025-02-27T12:10:17+00:00","og_image":[{"url":"https:\/\/www.cantaberner.cat\/wp-content\/uploads\/2023\/09\/estable-peu-1024x416.jpg","type":"","width":"","height":""}],"twitter_card":"summary_large_image","twitter_misc":{"Temps estimat de lectura":"1 minut"},"schema":{"@context":"https:\/\/schema.org","@graph":[{"@type":"WebPage","@id":"https:\/\/www.cantaberner.cat\/ca\/confirmacio-de-reserva\/","url":"https:\/\/www.cantaberner.cat\/ca\/confirmacio-de-reserva\/","name":"Confirmaci\u00f3 de reserva - Estable Can Taberner","isPartOf":{"@id":"https:\/\/www.cantaberner.cat\/ca\/#website"},"primaryImageOfPage":{"@id":"https:\/\/www.cantaberner.cat\/ca\/confirmacio-de-reserva\/#primaryimage"},"image":{"@id":"https:\/\/www.cantaberner.cat\/ca\/confirmacio-de-reserva\/#primaryimage"},"thumbnailUrl":"https:\/\/www.cantaberner.cat\/wp-content\/uploads\/2023\/09\/estable-peu-1024x416.jpg","datePublished":"2023-09-19T19:42:25+00:00","dateModified":"2025-02-27T12:10:17+00:00","breadcrumb":{"@id":"https:\/\/www.cantaberner.cat\/ca\/confirmacio-de-reserva\/#breadcrumb"},"inLanguage":"ca","potentialAction":[{"@type":"ReadAction","target":["https:\/\/www.cantaberner.cat\/ca\/confirmacio-de-reserva\/"]}]},{"@type":"ImageObject","inLanguage":"ca","@id":"https:\/\/www.cantaberner.cat\/ca\/confirmacio-de-reserva\/#primaryimage","url":"https:\/\/www.cantaberner.cat\/wp-content\/uploads\/2023\/09\/estable-peu-1024x416.jpg","contentUrl":"https:\/\/www.cantaberner.cat\/wp-content\/uploads\/2023\/09\/estable-peu-1024x416.jpg"},{"@type":"BreadcrumbList","@id":"https:\/\/www.cantaberner.cat\/ca\/confirmacio-de-reserva\/#breadcrumb","itemListElement":[{"@type":"ListItem","position":1,"name":"Portada","item":"https:\/\/www.cantaberner.cat\/ca\/"},{"@type":"ListItem","position":2,"name":"Confirmaci\u00f3 de reserva"}]},{"@type":"WebSite","@id":"https:\/\/www.cantaberner.cat\/ca\/#website","url":"https:\/\/www.cantaberner.cat\/ca\/","name":"Estable Can Taberner","description":"","publisher":{"@id":"https:\/\/www.cantaberner.cat\/ca\/#organization"},"potentialAction":[{"@type":"SearchAction","target":{"@type":"EntryPoint","urlTemplate":"https:\/\/www.cantaberner.cat\/ca\/?s={search_term_string}"},"query-input":{"@type":"PropertyValueSpecification","valueRequired":true,"valueName":"search_term_string"}}],"inLanguage":"ca"},{"@type":"Organization","@id":"https:\/\/www.cantaberner.cat\/ca\/#organization","name":"Estable Can Taberner","url":"https:\/\/www.cantaberner.cat\/ca\/","logo":{"@type":"ImageObject","inLanguage":"ca","@id":"https:\/\/www.cantaberner.cat\/ca\/#\/schema\/logo\/image\/","url":"https:\/\/www.cantaberner.cat\/wp-content\/uploads\/2023\/09\/lestable-logo-p-e1695063348815.png","contentUrl":"https:\/\/www.cantaberner.cat\/wp-content\/uploads\/2023\/09\/lestable-logo-p-e1695063348815.png","width":254,"height":100,"caption":"Estable Can Taberner"},"image":{"@id":"https:\/\/www.cantaberner.cat\/ca\/#\/schema\/logo\/image\/"}}]}},"_links":{"self":[{"href":"https:\/\/www.cantaberner.cat\/ca\/wp-json\/wp\/v2\/pages\/418","targetHints":{"allow":["GET"]}}],"collection":[{"href":"https:\/\/www.cantaberner.cat\/ca\/wp-json\/wp\/v2\/pages"}],"about":[{"href":"https:\/\/www.cantaberner.cat\/ca\/wp-json\/wp\/v2\/types\/page"}],"author":[{"embeddable":true,"href":"https:\/\/www.cantaberner.cat\/ca\/wp-json\/wp\/v2\/users\/1"}],"replies":[{"embeddable":true,"href":"https:\/\/www.cantaberner.cat\/ca\/wp-json\/wp\/v2\/comments?post=418"}],"version-history":[{"count":55,"href":"https:\/\/www.cantaberner.cat\/ca\/wp-json\/wp\/v2\/pages\/418\/revisions"}],"predecessor-version":[{"id":1626,"href":"https:\/\/www.cantaberner.cat\/ca\/wp-json\/wp\/v2\/pages\/418\/revisions\/1626"}],"wp:attachment":[{"href":"https:\/\/www.cantaberner.cat\/ca\/wp-json\/wp\/v2\/media?parent=418"}],"curies":[{"name":"wp","href":"https:\/\/api.w.org\/{rel}","templated":true}]}}