{"id":319,"date":"2020-05-08T11:24:43","date_gmt":"2020-05-08T11:24:43","guid":{"rendered":"https:\/\/stockholm31.qodeinteractive.com\/?page_id=3"},"modified":"2023-12-12T15:05:39","modified_gmt":"2023-12-12T13:05:39","slug":"politica-de-privacitat","status":"publish","type":"page","link":"https:\/\/www.cantaberner.cat\/ca\/politica-de-privacitat\/","title":{"rendered":"Pol\u00edtica de privacitat"},"content":{"rendered":"\t\t<div data-elementor-type=\"wp-page\" data-elementor-id=\"319\" class=\"elementor elementor-319\">\n\t\t\t\t\t\t<section class=\"elementor-section elementor-top-section elementor-element elementor-element-f3dcb91 elementor-section-boxed elementor-section-height-default elementor-section-height-default parallax_section_no qode_elementor_container_no qode-content-aligment-left\" data-id=\"f3dcb91\" data-element_type=\"section\">\n\t\t\t\t\t\t<div class=\"elementor-container elementor-column-gap-default\">\n\t\t\t\t\t<div class=\"elementor-column elementor-col-100 elementor-top-column elementor-element elementor-element-b0b803e\" data-id=\"b0b803e\" data-element_type=\"column\">\n\t\t\t<div class=\"elementor-widget-wrap elementor-element-populated\">\n\t\t\t\t\t\t<div class=\"elementor-element elementor-element-37733e4 elementor-widget elementor-widget-text-editor\" data-id=\"37733e4\" data-element_type=\"widget\" data-widget_type=\"text-editor.default\">\n\t\t\t\t<div class=\"elementor-widget-container\">\n\t\t\t\t\t\t\t<p>A efecte del previst en el Reglament (UE) 2016\/679 de 27 d&#8217;abril del 2016\u00a0 informem a l&#8217;Usuari que les seves dades de car\u00e0cter personal seran tractades amb la finalitat de prestar-li els serveis sol\u00b7licitats i enviar-li la informaci\u00f3 sobre la nostra empresa que pugui ser del seu inter\u00e8s.<\/p>\t\t\t\t\t\t<\/div>\n\t\t\t\t<\/div>\n\t\t\t\t<div class=\"elementor-element elementor-element-c861c46 elementor-widget elementor-widget-heading\" data-id=\"c861c46\" data-element_type=\"widget\" data-widget_type=\"heading.default\">\n\t\t\t\t<div class=\"elementor-widget-container\">\n\t\t\t<span class=\"elementor-heading-title elementor-size-default\">ENVIO I REGISTRE DE DADES DE CAR\u00c0CTER PERSONAL<\/span>\t\t<\/div>\n\t\t\t\t<\/div>\n\t\t\t\t<div class=\"elementor-element elementor-element-9fee24e elementor-widget elementor-widget-text-editor\" data-id=\"9fee24e\" data-element_type=\"widget\" data-widget_type=\"text-editor.default\">\n\t\t\t\t<div class=\"elementor-widget-container\">\n\t\t\t\t\t\t\t<p>L&#8217;enviament de dades de car\u00e0cter personal \u00e9s obligatori per contactar i rebre informaci\u00f3 sobre els serveis prestats per Cantaberner.cat. Aix\u00ed mateix, el no facilitar les dades personals sol\u00b7licitades o el no acceptar la present pol\u00edtica de protecci\u00f3 de dades suposa la impossibilitat de subscriure&#8217;s, registrar-se o rebre informaci\u00f3 d&#8217;aquests serveis.<\/p>\t\t\t\t\t\t<\/div>\n\t\t\t\t<\/div>\n\t\t\t\t<div class=\"elementor-element elementor-element-bfb1bd9 elementor-widget elementor-widget-text-editor\" data-id=\"bfb1bd9\" data-element_type=\"widget\" data-widget_type=\"text-editor.default\">\n\t\t\t\t<div class=\"elementor-widget-container\">\n\t\t\t\t\t\t\t<p>Quan les dades de car\u00e0cter personal siguin obtingudes de l\u2019Usuari a trav\u00e9s de xarxes de comunicacions electr\u00f2niques o en el marc de la prestaci\u00f3 d&#8217;un servei de la societat de la informaci\u00f3, aix\u00ed com en aquells altres sup\u00f2sits expressament establerts per la llei o quan aix\u00ed ho autoritzi l&#8217;Ag\u00e8ncia Espanyola de Protecci\u00f3 de Dades, el responsable del tractament podr\u00e0 donar compliment al deure d&#8217;informaci\u00f3 que estableix l&#8217;article 13 del Reglament (UE) 2016\/679 facilitant l&#8217;afectat almenys la informaci\u00f3 b\u00e0sica seg\u00fcent:<\/p>\t\t\t\t\t\t<\/div>\n\t\t\t\t<\/div>\n\t\t\t\t<div class=\"elementor-element elementor-element-867b6cf elementor-widget elementor-widget-text-editor\" data-id=\"867b6cf\" data-element_type=\"widget\" data-widget_type=\"text-editor.default\">\n\t\t\t\t<div class=\"elementor-widget-container\">\n\t\t\t\t\t\t\t<p>a) La identitat del responsable del tractament i del seu representant, si escau.<br \/>b) La finalitat del tractament.<br \/>c) La manera en qu\u00e8 l&#8217;afectat podr\u00e0 exercitar els drets que estableixen els articles 15 a 22 del Reglament (UE) 2016\/679.<\/p>\t\t\t\t\t\t<\/div>\n\t\t\t\t<\/div>\n\t\t\t\t<div class=\"elementor-element elementor-element-44cf1e9 elementor-widget elementor-widget-text-editor\" data-id=\"44cf1e9\" data-element_type=\"widget\" data-widget_type=\"text-editor.default\">\n\t\t\t\t<div class=\"elementor-widget-container\">\n\t\t\t\t\t\t\t<p>Tanmateix, els responsables i encarregats del tractament o, si s&#8217;escau, els seus representants hauran de mantenir el registre d&#8217;activitats de tractament a qu\u00e8 es refereix l&#8217;article 30 del Reglament (UE) 2016\/679, llevat que la empresa o organitzaci\u00f3 ocupin menys de 250 persones, amb l&#8217;excepci\u00f3 que el tractament que realitzi pugui comportar un risc per als drets i llibertats dels interessats, no sigui ocasional, o inclogui categories especials de dades personals indicades en l&#8217;article 9, apartat 1, o dades personals relatives a condemnes i infraccions penals a qu\u00e8 es refereix l&#8217;article 10 del Reglament (UE) 2016\/679.<\/p>\t\t\t\t\t\t<\/div>\n\t\t\t\t<\/div>\n\t\t\t\t<div class=\"elementor-element elementor-element-e113da3 elementor-widget elementor-widget-text-editor\" data-id=\"e113da3\" data-element_type=\"widget\" data-widget_type=\"text-editor.default\">\n\t\t\t\t<div class=\"elementor-widget-container\">\n\t\t\t\t\t\t\t<p>Finalment, l&#8217;article 5.1.f) del Reglament (UE) 2016\/679 determina la necessitat d&#8217;establir garanties de seguretat adequades contra el tractament no autoritzat o il\u00b7l\u00edcit, contra la p\u00e8rdua de les dades personals, la destrucci\u00f3 o el dany accidental. Aix\u00f2 implica l&#8217;establiment de mesures t\u00e8cniques i organitzatives encaminades a assegurar la integritat i confidencialitat de les dades personals i la possibilitat (article 5.2) de demostrar que aquestes mesures s&#8217;han portat a la pr\u00e0ctica (responsabilitat proactiva).<\/p>\t\t\t\t\t\t<\/div>\n\t\t\t\t<\/div>\n\t\t\t\t<div class=\"elementor-element elementor-element-ab09b93 elementor-widget elementor-widget-heading\" data-id=\"ab09b93\" data-element_type=\"widget\" data-widget_type=\"heading.default\">\n\t\t\t\t<div class=\"elementor-widget-container\">\n\t\t\t<span class=\"elementor-heading-title elementor-size-default\">EXACTITUD I VERACITAT DE LES DADES FACILITADES<\/span>\t\t<\/div>\n\t\t\t\t<\/div>\n\t\t\t\t<div class=\"elementor-element elementor-element-5e323bd elementor-widget elementor-widget-text-editor\" data-id=\"5e323bd\" data-element_type=\"widget\" data-widget_type=\"text-editor.default\">\n\t\t\t\t<div class=\"elementor-widget-container\">\n\t\t\t\t\t\t\t<p>L&#8217;Usuari que envia la informaci\u00f3 a Cantaberner.cat. \u00e9s l&#8217;\u00fanic responsable de la veracitat i correcci\u00f3 de les dades incloses, exonerant-se Cantaberner.cat. de qualsevol responsabilitat sobre aquest tema.<\/p>\t\t\t\t\t\t<\/div>\n\t\t\t\t<\/div>\n\t\t\t\t<div class=\"elementor-element elementor-element-bab97b6 elementor-widget elementor-widget-text-editor\" data-id=\"bab97b6\" data-element_type=\"widget\" data-widget_type=\"text-editor.default\">\n\t\t\t\t<div class=\"elementor-widget-container\">\n\t\t\t\t\t\t\t<p>Els usuaris garanteixen i responen, en qualsevol cas, de l&#8217;exactitud, vig\u00e8ncia i autenticitat de les dades personals facilitades, i es comprometen a mantenir-los degudament actualitzats. L&#8217;Usuari accepta proporcionar informaci\u00f3 completa i correcta en el formulari de registre o subscripci\u00f3.<\/p>\t\t\t\t\t\t<\/div>\n\t\t\t\t<\/div>\n\t\t\t\t<div class=\"elementor-element elementor-element-5b7b41a elementor-widget elementor-widget-text-editor\" data-id=\"5b7b41a\" data-element_type=\"widget\" data-widget_type=\"text-editor.default\">\n\t\t\t\t<div class=\"elementor-widget-container\">\n\t\t\t\t\t\t\t<p>Cantaberner.cat. no respon de la veracitat de les informacions que no siguin d&#8217;elaboraci\u00f3 pr\u00f2pia i de les quals s&#8217;indiqui una altra font, per la qual cosa tampoc assumeix responsabilitat alguna quant a hipot\u00e8tics perjudicis que poguessin originar-se per l&#8217;\u00fas d&#8217;aquesta informaci\u00f3. S&#8217;exonera a Cantaberner.cat. de responsabilitat davant qualsevol dany o perjudici que pogu\u00e9s sofrir l&#8217;Usuari com a conseq\u00fc\u00e8ncia d&#8217;errors, defectes o omissions, en la informaci\u00f3 facilitada per Cantaberner.cat sempre que procedeixi de fonts alienes a Cantaberner.cat<\/p>\t\t\t\t\t\t<\/div>\n\t\t\t\t<\/div>\n\t\t\t\t<div class=\"elementor-element elementor-element-9b36639 elementor-widget elementor-widget-heading\" data-id=\"9b36639\" data-element_type=\"widget\" data-widget_type=\"heading.default\">\n\t\t\t\t<div class=\"elementor-widget-container\">\n\t\t\t<span class=\"elementor-heading-title elementor-size-default\">CESSI\u00d3 DE DADES A TERCERS<\/span>\t\t<\/div>\n\t\t\t\t<\/div>\n\t\t\t\t<div class=\"elementor-element elementor-element-5517cfc elementor-widget elementor-widget-text-editor\" data-id=\"5517cfc\" data-element_type=\"widget\" data-widget_type=\"text-editor.default\">\n\t\t\t\t<div class=\"elementor-widget-container\">\n\t\t\t\t\t\t\t<p>Cantaberner.cat. no cedir\u00e0 les dades personals a tercers. No obstant aix\u00f2, en el cas de ser cedits a algun tercer es produiria una informaci\u00f3 pr\u00e8via sol\u00b7licitant el consentiment expr\u00e9s de l&#8217;afectat en virtut de l&#8217;article 4.11 del Reglament (UE) 2016\/679 de 27 d&#8217;abril del 2016.<\/p>\t\t\t\t\t\t<\/div>\n\t\t\t\t<\/div>\n\t\t\t\t<div class=\"elementor-element elementor-element-253d98d elementor-widget elementor-widget-heading\" data-id=\"253d98d\" data-element_type=\"widget\" data-widget_type=\"heading.default\">\n\t\t\t\t<div class=\"elementor-widget-container\">\n\t\t\t<span class=\"elementor-heading-title elementor-size-default\">CONSERVACI\u00d3 DE LES DADES<\/span>\t\t<\/div>\n\t\t\t\t<\/div>\n\t\t\t\t<div class=\"elementor-element elementor-element-d8c651a elementor-widget elementor-widget-text-editor\" data-id=\"d8c651a\" data-element_type=\"widget\" data-widget_type=\"text-editor.default\">\n\t\t\t\t<div class=\"elementor-widget-container\">\n\t\t\t\t\t\t\t<p>En qualsevol cas, el temps de conservaci\u00f3 ser\u00e0 l\u2019indispensable, i pot mantenir-se com a m\u00ednim:<\/p>\t\t\t\t\t\t<\/div>\n\t\t\t\t<\/div>\n\t\t\t\t<div class=\"elementor-element elementor-element-75e73b3 elementor-widget elementor-widget-text-editor\" data-id=\"75e73b3\" data-element_type=\"widget\" data-widget_type=\"text-editor.default\">\n\t\t\t\t<div class=\"elementor-widget-container\">\n\t\t\t\t\t\t\t<p>4 anys: Llei sobre infraccions i sancions en l&#8217;ordre social (obligacions en mat\u00e8ria d&#8217;afiliaci\u00f3, altes, baixes, cotitzaci\u00f3, pagament de salaris &#8230;); Arts. 66 i s. Llei general tribut\u00e0ria (llibres de comptabilitat &#8230;)<br \/>5 anys: Art. 1964 Codi Civil (accions personals sense termini especial)<br \/>6 anys: Art. 30 Codi de Comer\u00e7 (llibres de comptabilitat, factures &#8230;)<br \/>10 anys: Art. 25 Llei de Prevenci\u00f3 del Blanqueig de Capitals i Finan\u00e7ament del Terrorisme.<\/p>\t\t\t\t\t\t<\/div>\n\t\t\t\t<\/div>\n\t\t\t\t<div class=\"elementor-element elementor-element-5b5ccb3 elementor-widget elementor-widget-heading\" data-id=\"5b5ccb3\" data-element_type=\"widget\" data-widget_type=\"heading.default\">\n\t\t\t\t<div class=\"elementor-widget-container\">\n\t\t\t<span class=\"elementor-heading-title elementor-size-default\">EXERCICI DE DRETS D'ACC\u00c9S, RECTIFICACI\u00d3, SUPRESSI\u00d3, LIMITACI\u00d3, PORTABILITAT I OPOSICI\u00d3<\/span>\t\t<\/div>\n\t\t\t\t<\/div>\n\t\t\t\t<div class=\"elementor-element elementor-element-579dadd elementor-widget elementor-widget-text-editor\" data-id=\"579dadd\" data-element_type=\"widget\" data-widget_type=\"text-editor.default\">\n\t\t\t\t<div class=\"elementor-widget-container\">\n\t\t\t\t\t\t\t<p>Podr\u00e0 dirigir les seves comunicacions i exercitar els drets d&#8217;acc\u00e9s, rectificaci\u00f3, supressi\u00f3, limitaci\u00f3, portabilitat i oposici\u00f3 a trav\u00e9s de \u00a0l&#8217;email hola@Cantaberner.cat juntament amb prova v\u00e0lida en dret, com a fotoc\u00f2pia del D.N.I. i indicant en l&#8217;assumpte &#8220;PROTECCI\u00d3 DE DADES&#8221;.<\/p>\t\t\t\t\t\t<\/div>\n\t\t\t\t<\/div>\n\t\t\t\t<div class=\"elementor-element elementor-element-6d8172d elementor-widget elementor-widget-heading\" data-id=\"6d8172d\" data-element_type=\"widget\" data-widget_type=\"heading.default\">\n\t\t\t\t<div class=\"elementor-widget-container\">\n\t\t\t<span class=\"elementor-heading-title elementor-size-default\">ACCEPTACI\u00d3 I CONSENTIMENT<\/span>\t\t<\/div>\n\t\t\t\t<\/div>\n\t\t\t\t<div class=\"elementor-element elementor-element-7815e6a elementor-widget elementor-widget-text-editor\" data-id=\"7815e6a\" data-element_type=\"widget\" data-widget_type=\"text-editor.default\">\n\t\t\t\t<div class=\"elementor-widget-container\">\n\t\t\t\t\t\t\t<p>L&#8217;Usuari declara haver estat informat de les condicions sobre protecci\u00f3 de dades de car\u00e0cter personal, acceptant i consentint el tractament de les mateixes per part de Cantaberner.cat, en la forma i per a les finalitats indicades en la present Pol\u00edtica de Protecci\u00f3 de Dades Personals.<\/p>\t\t\t\t\t\t<\/div>\n\t\t\t\t<\/div>\n\t\t\t\t\t<\/div>\n\t\t<\/div>\n\t\t\t\t\t<\/div>\n\t\t<\/section>\n\t\t\t\t<\/div>\n\t\t","protected":false},"excerpt":{"rendered":"<p>A efecte del previst en el Reglament (UE) 2016\/679 de 27 d&#8217;abril del 2016\u00a0 informem a l&#8217;Usuari que les seves dades de car\u00e0cter personal seran tractades amb la finalitat de prestar-li els serveis sol\u00b7licitats i enviar-li la informaci\u00f3 sobre la nostra empresa que pugui ser&#8230;<\/p>\n","protected":false},"author":1,"featured_media":0,"parent":0,"menu_order":0,"comment_status":"closed","ping_status":"closed","template":"","meta":{"footnotes":""},"class_list":["post-319","page","type-page","status-publish","hentry"],"yoast_head":"<!-- This site is optimized with the Yoast SEO plugin v24.6 - https:\/\/yoast.com\/wordpress\/plugins\/seo\/ -->\n<title>Pol\u00edtica de privacitat - Estable Can Taberner<\/title>\n<meta name=\"robots\" content=\"noindex, nofollow\" \/>\n<meta property=\"og:locale\" content=\"ca_ES\" \/>\n<meta property=\"og:type\" content=\"article\" \/>\n<meta property=\"og:title\" content=\"Pol\u00edtica de privacitat - Estable Can Taberner\" \/>\n<meta property=\"og:description\" content=\"A efecte del previst en el Reglament (UE) 2016\/679 de 27 d&#8217;abril del 2016\u00a0 informem a l&#8217;Usuari que les seves dades de car\u00e0cter personal seran tractades amb la finalitat de prestar-li els serveis sol\u00b7licitats i enviar-li la informaci\u00f3 sobre la nostra empresa que pugui ser...\" \/>\n<meta property=\"og:url\" content=\"https:\/\/www.cantaberner.cat\/ca\/politica-de-privacitat\/\" \/>\n<meta property=\"og:site_name\" content=\"Estable Can Taberner\" \/>\n<meta property=\"article:modified_time\" content=\"2023-12-12T13:05:39+00:00\" \/>\n<meta name=\"twitter:card\" content=\"summary_large_image\" \/>\n<meta name=\"twitter:label1\" content=\"Temps estimat de lectura\" \/>\n\t<meta name=\"twitter:data1\" content=\"5 minuts\" \/>\n<!-- \/ Yoast SEO plugin. -->","yoast_head_json":{"title":"Pol\u00edtica de privacitat - Estable Can Taberner","robots":{"index":"noindex","follow":"nofollow"},"og_locale":"ca_ES","og_type":"article","og_title":"Pol\u00edtica de privacitat - Estable Can Taberner","og_description":"A efecte del previst en el Reglament (UE) 2016\/679 de 27 d&#8217;abril del 2016\u00a0 informem a l&#8217;Usuari que les seves dades de car\u00e0cter personal seran tractades amb la finalitat de prestar-li els serveis sol\u00b7licitats i enviar-li la informaci\u00f3 sobre la nostra empresa que pugui ser...","og_url":"https:\/\/www.cantaberner.cat\/ca\/politica-de-privacitat\/","og_site_name":"Estable Can Taberner","article_modified_time":"2023-12-12T13:05:39+00:00","twitter_card":"summary_large_image","twitter_misc":{"Temps estimat de lectura":"5 minuts"},"schema":{"@context":"https:\/\/schema.org","@graph":[{"@type":"WebPage","@id":"https:\/\/www.cantaberner.cat\/ca\/politica-de-privacitat\/","url":"https:\/\/www.cantaberner.cat\/ca\/politica-de-privacitat\/","name":"Pol\u00edtica de privacitat - Estable Can Taberner","isPartOf":{"@id":"https:\/\/www.cantaberner.cat\/ca\/#website"},"datePublished":"2020-05-08T11:24:43+00:00","dateModified":"2023-12-12T13:05:39+00:00","breadcrumb":{"@id":"https:\/\/www.cantaberner.cat\/ca\/politica-de-privacitat\/#breadcrumb"},"inLanguage":"ca","potentialAction":[{"@type":"ReadAction","target":["https:\/\/www.cantaberner.cat\/ca\/politica-de-privacitat\/"]}]},{"@type":"BreadcrumbList","@id":"https:\/\/www.cantaberner.cat\/ca\/politica-de-privacitat\/#breadcrumb","itemListElement":[{"@type":"ListItem","position":1,"name":"Portada","item":"https:\/\/www.cantaberner.cat\/ca\/"},{"@type":"ListItem","position":2,"name":"Pol\u00edtica de privacitat"}]},{"@type":"WebSite","@id":"https:\/\/www.cantaberner.cat\/ca\/#website","url":"https:\/\/www.cantaberner.cat\/ca\/","name":"Estable Can Taberner","description":"","publisher":{"@id":"https:\/\/www.cantaberner.cat\/ca\/#organization"},"potentialAction":[{"@type":"SearchAction","target":{"@type":"EntryPoint","urlTemplate":"https:\/\/www.cantaberner.cat\/ca\/?s={search_term_string}"},"query-input":{"@type":"PropertyValueSpecification","valueRequired":true,"valueName":"search_term_string"}}],"inLanguage":"ca"},{"@type":"Organization","@id":"https:\/\/www.cantaberner.cat\/ca\/#organization","name":"Estable Can Taberner","url":"https:\/\/www.cantaberner.cat\/ca\/","logo":{"@type":"ImageObject","inLanguage":"ca","@id":"https:\/\/www.cantaberner.cat\/ca\/#\/schema\/logo\/image\/","url":"https:\/\/www.cantaberner.cat\/wp-content\/uploads\/2023\/09\/lestable-logo-p-e1695063348815.png","contentUrl":"https:\/\/www.cantaberner.cat\/wp-content\/uploads\/2023\/09\/lestable-logo-p-e1695063348815.png","width":254,"height":100,"caption":"Estable Can Taberner"},"image":{"@id":"https:\/\/www.cantaberner.cat\/ca\/#\/schema\/logo\/image\/"}}]}},"_links":{"self":[{"href":"https:\/\/www.cantaberner.cat\/ca\/wp-json\/wp\/v2\/pages\/319","targetHints":{"allow":["GET"]}}],"collection":[{"href":"https:\/\/www.cantaberner.cat\/ca\/wp-json\/wp\/v2\/pages"}],"about":[{"href":"https:\/\/www.cantaberner.cat\/ca\/wp-json\/wp\/v2\/types\/page"}],"author":[{"embeddable":true,"href":"https:\/\/www.cantaberner.cat\/ca\/wp-json\/wp\/v2\/users\/1"}],"replies":[{"embeddable":true,"href":"https:\/\/www.cantaberner.cat\/ca\/wp-json\/wp\/v2\/comments?post=319"}],"version-history":[{"count":10,"href":"https:\/\/www.cantaberner.cat\/ca\/wp-json\/wp\/v2\/pages\/319\/revisions"}],"predecessor-version":[{"id":820,"href":"https:\/\/www.cantaberner.cat\/ca\/wp-json\/wp\/v2\/pages\/319\/revisions\/820"}],"wp:attachment":[{"href":"https:\/\/www.cantaberner.cat\/ca\/wp-json\/wp\/v2\/media?parent=319"}],"curies":[{"name":"wp","href":"https:\/\/api.w.org\/{rel}","templated":true}]}}